{"id":2306,"date":"2022-12-07T11:46:21","date_gmt":"2022-12-07T10:46:21","guid":{"rendered":"https:\/\/website.imuset.de\/?page_id=2306"},"modified":"2023-02-23T12:12:07","modified_gmt":"2023-02-23T11:12:07","slug":"ausstellung","status":"publish","type":"page","link":"https:\/\/imuset.de\/en\/ausstellung\/","title":{"rendered":"Ausstellung"},"content":{"rendered":"\t\t<div data-elementor-type=\"wp-page\" data-elementor-id=\"2306\" class=\"elementor elementor-2306\">\n\t\t\t\t\t\t<section class=\"elementor-section elementor-top-section elementor-element elementor-element-fbf1824 elementor-section-boxed elementor-section-height-default elementor-section-height-default sc_fly_static\" data-id=\"fbf1824\" data-element_type=\"section\" data-e-type=\"section\">\n\t\t\t\t\t\t<div class=\"elementor-container elementor-column-gap-extended\">\n\t\t\t\t\t<div class=\"elementor-column elementor-col-100 elementor-top-column elementor-element elementor-element-85e77fb sc_content_align_inherit sc_layouts_column_icons_position_left sc_fly_static\" data-id=\"85e77fb\" data-element_type=\"column\" data-e-type=\"column\">\n\t\t\t<div class=\"elementor-widget-wrap\">\n\t\t\t\t\t\t\t<\/div>\n\t\t<\/div>\n\t\t\t\t\t<\/div>\n\t\t<\/section>\n\t\t\t\t<section class=\"elementor-section elementor-top-section elementor-element elementor-element-1bc50cc elementor-section-boxed elementor-section-height-default elementor-section-height-default sc_fly_static\" data-id=\"1bc50cc\" data-element_type=\"section\" data-e-type=\"section\">\n\t\t\t\t\t\t<div class=\"elementor-container elementor-column-gap-extended\">\n\t\t\t\t\t<div class=\"elementor-column elementor-col-66 elementor-top-column elementor-element elementor-element-2d602de sc_content_align_inherit sc_layouts_column_icons_position_left sc_fly_static\" data-id=\"2d602de\" data-element_type=\"column\" data-e-type=\"column\">\n\t\t\t<div class=\"elementor-widget-wrap elementor-element-populated\">\n\t\t\t\t\t\t<div class=\"elementor-element elementor-element-0c0ccbd sc_fly_static elementor-widget elementor-widget-heading\" data-id=\"0c0ccbd\" data-element_type=\"widget\" data-e-type=\"widget\" data-widget_type=\"heading.default\">\n\t\t\t\t<div class=\"elementor-widget-container\">\n\t\t\t\t\t<h2 class=\"elementor-heading-title elementor-size-default\">Industriekultur und Kunstausstellung im iMUSEt<\/h2>\t\t\t\t<\/div>\n\t\t\t\t<\/div>\n\t\t\t\t\t<\/div>\n\t\t<\/div>\n\t\t\t\t<div class=\"elementor-column elementor-col-33 elementor-top-column elementor-element elementor-element-978351d sc_content_align_inherit sc_layouts_column_icons_position_left sc_fly_static\" data-id=\"978351d\" data-element_type=\"column\" data-e-type=\"column\">\n\t\t\t<div class=\"elementor-widget-wrap\">\n\t\t\t\t\t\t\t<\/div>\n\t\t<\/div>\n\t\t\t\t\t<\/div>\n\t\t<\/section>\n\t\t\t\t<section class=\"elementor-section elementor-top-section elementor-element elementor-element-51498fe elementor-section-boxed elementor-section-height-default elementor-section-height-default sc_fly_static\" data-id=\"51498fe\" data-element_type=\"section\" data-e-type=\"section\">\n\t\t\t\t\t\t<div class=\"elementor-container elementor-column-gap-extended\">\n\t\t\t\t\t<div class=\"elementor-column elementor-col-66 elementor-top-column elementor-element elementor-element-8960d2f sc_content_align_inherit sc_layouts_column_icons_position_left sc_fly_static\" data-id=\"8960d2f\" data-element_type=\"column\" data-e-type=\"column\">\n\t\t\t<div class=\"elementor-widget-wrap elementor-element-populated\">\n\t\t\t\t\t\t<div class=\"elementor-element elementor-element-f9c8300 sc_fly_static elementor-widget elementor-widget-spacer\" data-id=\"f9c8300\" data-element_type=\"widget\" data-e-type=\"widget\" data-widget_type=\"spacer.default\">\n\t\t\t\t<div class=\"elementor-widget-container\">\n\t\t\t\t\t\t\t<div class=\"elementor-spacer\">\n\t\t\t<div class=\"elementor-spacer-inner\"><\/div>\n\t\t<\/div>\n\t\t\t\t\t\t<\/div>\n\t\t\t\t<\/div>\n\t\t\t\t\t<\/div>\n\t\t<\/div>\n\t\t\t\t<div class=\"elementor-column elementor-col-33 elementor-top-column elementor-element elementor-element-1b14879 sc_content_align_inherit sc_layouts_column_icons_position_left sc_fly_static\" data-id=\"1b14879\" data-element_type=\"column\" data-e-type=\"column\">\n\t\t\t<div class=\"elementor-widget-wrap\">\n\t\t\t\t\t\t\t<\/div>\n\t\t<\/div>\n\t\t\t\t\t<\/div>\n\t\t<\/section>\n\t\t\t\t<section class=\"elementor-section elementor-top-section elementor-element elementor-element-9e3d93a elementor-section-boxed elementor-section-height-default elementor-section-height-default sc_fly_static\" data-id=\"9e3d93a\" data-element_type=\"section\" data-e-type=\"section\">\n\t\t\t\t\t\t<div class=\"elementor-container elementor-column-gap-extended\">\n\t\t\t\t\t<div class=\"elementor-column elementor-col-66 elementor-top-column elementor-element elementor-element-71a1f8b sc_content_align_inherit sc_layouts_column_icons_position_left sc_fly_static\" data-id=\"71a1f8b\" data-element_type=\"column\" data-e-type=\"column\">\n\t\t\t<div class=\"elementor-widget-wrap elementor-element-populated\">\n\t\t\t\t\t\t<div class=\"elementor-element elementor-element-5b942f0 elementor-drop-cap-yes elementor-drop-cap-view-default sc_fly_static elementor-widget elementor-widget-text-editor\" data-id=\"5b942f0\" data-element_type=\"widget\" data-e-type=\"widget\" data-settings=\"{&quot;drop_cap&quot;:&quot;yes&quot;}\" data-widget_type=\"text-editor.default\">\n\t\t\t\t<div class=\"elementor-widget-container\">\n\t\t\t\t\t\t\t\t\t<p>Die Stadt Sch\u00f6nebeck (Elbe) und das Umland (bis einschl. Calbe) haben als Industrie- und Innovationsstandort eine der l\u00e4ngsten und bedeutendsten Traditionen, was landesweit und selbst in Sch\u00f6nebeck nicht oder nur sehr wenig bekannt ist.<\/p><p style=\"text-align: left;\">Aufbauend auf der Salzgewinnung und den logistischen Verbindungen \u00fcber Wasser, Eisenbahn und Stra\u00dfe entwickelten sich Chemie, Verkehrsmittel, Spezialprodukte und Versorger mit seinerzeit Spitzentechnologien in deutschlandweit f\u00fchrenden Positionen, die bis zum heutigen Tag Bestand habe bzw. auf vielf\u00e4ltige Art und Weise fortgef\u00fchrt werden.\u00a0<br \/><br \/><\/p><p><img fetchpriority=\"high\" decoding=\"async\" class=\"alignnone wp-image-3892 size-full\" src=\"https:\/\/imuset.de\/wp-content\/uploads\/2023\/02\/SiegelWander.jpg\" alt=\"\" width=\"800\" height=\"257\" srcset=\"https:\/\/imuset.de\/wp-content\/uploads\/2023\/02\/SiegelWander.jpg 800w, https:\/\/imuset.de\/wp-content\/uploads\/2023\/02\/SiegelWander-300x96.jpg 300w, https:\/\/imuset.de\/wp-content\/uploads\/2023\/02\/SiegelWander-768x247.jpg 768w, https:\/\/imuset.de\/wp-content\/uploads\/2023\/02\/SiegelWander-370x119.jpg 370w, https:\/\/imuset.de\/wp-content\/uploads\/2023\/02\/SiegelWander-760x244.jpg 760w\" sizes=\"(max-width: 800px) 100vw, 800px\" \/><\/p>\t\t\t\t\t\t\t\t<\/div>\n\t\t\t\t<\/div>\n\t\t\t\t\t<\/div>\n\t\t<\/div>\n\t\t\t\t<div class=\"elementor-column elementor-col-33 elementor-top-column elementor-element elementor-element-fbf429b sc_content_align_inherit sc_layouts_column_icons_position_left sc_fly_static\" data-id=\"fbf429b\" data-element_type=\"column\" data-e-type=\"column\">\n\t\t\t<div class=\"elementor-widget-wrap elementor-element-populated\">\n\t\t\t\t\t\t<div class=\"elementor-element elementor-element-28c660a sc_fly_static elementor-widget elementor-widget-text-editor\" data-id=\"28c660a\" data-element_type=\"widget\" data-e-type=\"widget\" data-widget_type=\"text-editor.default\">\n\t\t\t\t<div class=\"elementor-widget-container\">\n\t\t\t\t\t\t\t\t\t<p><img decoding=\"async\" class=\"wp-image-4004 size-full aligncenter\" src=\"https:\/\/imuset.de\/wp-content\/uploads\/2023\/02\/Malerei.jpg\" alt=\"\" width=\"768\" height=\"480\" srcset=\"https:\/\/imuset.de\/wp-content\/uploads\/2023\/02\/Malerei.jpg 768w, https:\/\/imuset.de\/wp-content\/uploads\/2023\/02\/Malerei-300x188.jpg 300w, https:\/\/imuset.de\/wp-content\/uploads\/2023\/02\/Malerei-370x231.jpg 370w, https:\/\/imuset.de\/wp-content\/uploads\/2023\/02\/Malerei-760x475.jpg 760w\" sizes=\"(max-width: 768px) 100vw, 768px\" \/><\/p><p>Daneben verf\u00fcgt Sch\u00f6nebeck und seine Umgebung \u00fcber eine vielf\u00e4ltige Kunstszene.\u00a0Die Ausstellungserweiterung 2016 f\u00fchrte zur Er\u00f6ffnung von zwei Kunstausstellungen und zur Umbenennung des\u00a0iMUSEt zum <strong>Industrie- und Kunstmuseum<\/strong>, denn die\u00a0<strong>MUSE<\/strong>\u00a0war auch schon von Beginn an in den Hinterk\u00f6pfen der Macher.<\/p>\t\t\t\t\t\t\t\t<\/div>\n\t\t\t\t<\/div>\n\t\t\t\t\t<\/div>\n\t\t<\/div>\n\t\t\t\t\t<\/div>\n\t\t<\/section>\n\t\t\t\t<section class=\"elementor-section elementor-top-section elementor-element elementor-element-837fac2 elementor-section-boxed elementor-section-height-default elementor-section-height-default sc_fly_static\" data-id=\"837fac2\" data-element_type=\"section\" data-e-type=\"section\">\n\t\t\t\t\t\t<div class=\"elementor-container elementor-column-gap-extended\">\n\t\t\t\t\t<div class=\"elementor-column elementor-col-100 elementor-top-column elementor-element elementor-element-681d046 sc_content_align_inherit sc_layouts_column_icons_position_left sc_fly_static\" data-id=\"681d046\" data-element_type=\"column\" data-e-type=\"column\">\n\t\t\t<div class=\"elementor-widget-wrap\">\n\t\t\t\t\t\t\t<\/div>\n\t\t<\/div>\n\t\t\t\t\t<\/div>\n\t\t<\/section>\n\t\t\t\t<section class=\"elementor-section elementor-top-section elementor-element elementor-element-40bdb58d elementor-section-boxed elementor-section-height-default elementor-section-height-default sc_fly_static\" data-id=\"40bdb58d\" data-element_type=\"section\" data-e-type=\"section\">\n\t\t\t\t\t\t<div class=\"elementor-container elementor-column-gap-extended\">\n\t\t\t\t\t<div class=\"elementor-column elementor-col-100 elementor-top-column elementor-element elementor-element-1ec03728 sc_content_align_inherit sc_layouts_column_icons_position_left sc_fly_static\" data-id=\"1ec03728\" data-element_type=\"column\" data-e-type=\"column\">\n\t\t\t<div class=\"elementor-widget-wrap elementor-element-populated\">\n\t\t\t\t\t\t<div class=\"elementor-element elementor-element-319b1c3b sc_height_large sc_fly_static elementor-widget elementor-widget-spacer\" data-id=\"319b1c3b\" data-element_type=\"widget\" data-e-type=\"widget\" data-widget_type=\"spacer.default\">\n\t\t\t\t<div class=\"elementor-widget-container\">\n\t\t\t\t\t\t\t<div class=\"elementor-spacer\">\n\t\t\t<div class=\"elementor-spacer-inner\"><\/div>\n\t\t<\/div>\n\t\t\t\t\t\t<\/div>\n\t\t\t\t<\/div>\n\t\t\t\t<div class=\"elementor-element elementor-element-10339741 sc_fly_static elementor-widget elementor-widget-trx_sc_title\" data-id=\"10339741\" data-element_type=\"widget\" data-e-type=\"widget\" data-widget_type=\"trx_sc_title.default\">\n\t\t\t\t<div class=\"elementor-widget-container\">\n\t\t\t\t\t<div\t\tclass=\"sc_title sc_title_default\"><h5 class=\"sc_item_title sc_title_title sc_item_title_style_default sc_item_title_tag\"\n\t\t\t><span class=\"sc_item_title_text\">iMUSEt Ausstellung<\/span><\/h5><\/div>\t\t\t\t<\/div>\n\t\t\t\t<\/div>\n\t\t\t\t\t<\/div>\n\t\t<\/div>\n\t\t\t\t\t<\/div>\n\t\t<\/section>\n\t\t\t\t<section class=\"elementor-section elementor-top-section elementor-element elementor-element-0f2aeb1 elementor-section-boxed elementor-section-height-default elementor-section-height-default sc_fly_static\" data-id=\"0f2aeb1\" data-element_type=\"section\" data-e-type=\"section\">\n\t\t\t\t\t\t<div class=\"elementor-container elementor-column-gap-extended\">\n\t\t\t\t\t<div class=\"elementor-column elementor-col-100 elementor-top-column elementor-element elementor-element-c1d740d sc_content_align_inherit sc_layouts_column_icons_position_left sc_fly_static\" data-id=\"c1d740d\" data-element_type=\"column\" data-e-type=\"column\">\n\t\t\t<div class=\"elementor-widget-wrap elementor-element-populated\">\n\t\t\t\t\t\t<div class=\"elementor-element elementor-element-1fa26b9 sc_fly_static elementor-widget elementor-widget-spacer\" data-id=\"1fa26b9\" data-element_type=\"widget\" data-e-type=\"widget\" data-widget_type=\"spacer.default\">\n\t\t\t\t<div class=\"elementor-widget-container\">\n\t\t\t\t\t\t\t<div class=\"elementor-spacer\">\n\t\t\t<div class=\"elementor-spacer-inner\"><\/div>\n\t\t<\/div>\n\t\t\t\t\t\t<\/div>\n\t\t\t\t<\/div>\n\t\t\t\t<div class=\"elementor-element elementor-element-e74d731 sc_fly_static elementor-widget elementor-widget-spacer\" data-id=\"e74d731\" data-element_type=\"widget\" data-e-type=\"widget\" data-widget_type=\"spacer.default\">\n\t\t\t\t<div class=\"elementor-widget-container\">\n\t\t\t\t\t\t\t<div class=\"elementor-spacer\">\n\t\t\t<div class=\"elementor-spacer-inner\"><\/div>\n\t\t<\/div>\n\t\t\t\t\t\t<\/div>\n\t\t\t\t<\/div>\n\t\t\t\t<section class=\"elementor-section elementor-inner-section elementor-element elementor-element-a288237 elementor-section-boxed elementor-section-height-default elementor-section-height-default sc_fly_static\" data-id=\"a288237\" data-element_type=\"section\" data-e-type=\"section\">\n\t\t\t\t\t\t<div class=\"elementor-container elementor-column-gap-extended\">\n\t\t\t\t\t<div class=\"elementor-column elementor-col-50 elementor-inner-column elementor-element elementor-element-e5d7962 sc_content_align_inherit sc_layouts_column_icons_position_left sc_fly_static\" data-id=\"e5d7962\" data-element_type=\"column\" data-e-type=\"column\" data-settings=\"{&quot;background_background&quot;:&quot;classic&quot;}\">\n\t\t\t<div class=\"elementor-widget-wrap elementor-element-populated\">\n\t\t\t\t\t\t<div class=\"elementor-element elementor-element-b8f41ce sc_fly_static elementor-widget elementor-widget-trx_sc_blogger\" data-id=\"b8f41ce\" data-element_type=\"widget\" data-e-type=\"widget\" id=\"ausstellung\" data-widget_type=\"trx_sc_blogger.default\">\n\t\t\t\t<div class=\"elementor-widget-container\">\n\t\t\t\t\t<div  id=\"ausstellung_sc\"\t\tclass=\"sc_blogger sc_blogger_default sc_blogger_default_classic sc_item_filters_tabs_none alignnone\"><div class=\"sc_blogger_content sc_item_content sc_item_posts_container\"><div data-post-id=\"2345\" data-item-number=\"1\" class=\"sc_blogger_item sc_item_container post_container sc_blogger_item_default sc_blogger_item_default_classic sc_blogger_item_odd sc_blogger_item_align_none post_format_standard sc_blogger_item_with_image sc_blogger_item_no_excerpt sc_blogger_item_image_position_top post-2345 page type-page status-publish has-post-thumbnail hentry\"><div class=\"sc_blogger_item_body\"><div class=\"post_featured with_thumb hover_dots sc_item_featured sc_blogger_item_featured\"><img decoding=\"async\" width=\"780\" height=\"480\" src=\"https:\/\/imuset.de\/wp-content\/uploads\/2023\/02\/IMG_4815-Gross-780x480.jpeg\" class=\"attachment-confix-thumb-big size-confix-thumb-big wp-post-image\" alt=\"\" \/>\t\t\t\t\t\t<div class=\"mask\"><\/div>\n\t\t\t\t\t\t\t\t\t<a href=\"https:\/\/imuset.de\/en\/ausstellung\/ausstellung-industriekultur\/\"  aria-hidden=\"true\" class=\"icons\"><span><\/span><span><\/span><span><\/span><\/a>\n\t\t\t<\/div><div class=\"sc_blogger_item_content entry-content\"><h5 class=\"sc_blogger_item_title entry-title\" data-item-number=\"1\"><a href=\"https:\/\/imuset.de\/en\/ausstellung\/ausstellung-industriekultur\/\" rel=\"bookmark\">Ausstellung Industriekultur<\/a><\/h5><div class=\"sc_blogger_post_meta post_meta sc_blogger_item_meta post_meta\"><\/div><div class=\"sc_blogger_item_button sc_item_button\"><a href=\"https:\/\/imuset.de\/en\/ausstellung\/ausstellung-industriekultur\/\" class=\"sc_button sc_button_simple\">Weiterlesen<\/a><\/div><\/div><\/div><\/div><\/div><\/div>\t\t\t\t<\/div>\n\t\t\t\t<\/div>\n\t\t\t\t\t<\/div>\n\t\t<\/div>\n\t\t\t\t<div class=\"elementor-column elementor-col-50 elementor-inner-column elementor-element elementor-element-c36fd79 sc_content_align_inherit sc_layouts_column_icons_position_left sc_fly_static\" data-id=\"c36fd79\" data-element_type=\"column\" data-e-type=\"column\" data-settings=\"{&quot;background_background&quot;:&quot;classic&quot;}\">\n\t\t\t<div class=\"elementor-widget-wrap elementor-element-populated\">\n\t\t\t\t\t\t<div class=\"elementor-element elementor-element-928dd7d sc_fly_static elementor-widget elementor-widget-trx_sc_blogger\" data-id=\"928dd7d\" data-element_type=\"widget\" data-e-type=\"widget\" id=\"ausstellung\" data-widget_type=\"trx_sc_blogger.default\">\n\t\t\t\t<div class=\"elementor-widget-container\">\n\t\t\t\t\t<div  id=\"ausstellung_sc\"\t\tclass=\"sc_blogger sc_blogger_default sc_blogger_default_classic sc_item_filters_tabs_none alignnone\"><div class=\"sc_blogger_content sc_item_content sc_item_posts_container\"><div data-post-id=\"2347\" data-item-number=\"1\" class=\"sc_blogger_item sc_item_container post_container sc_blogger_item_default sc_blogger_item_default_classic sc_blogger_item_odd sc_blogger_item_align_none post_format_standard sc_blogger_item_with_image sc_blogger_item_no_excerpt sc_blogger_item_image_position_top post-2347 page type-page status-publish has-post-thumbnail hentry\"><div class=\"sc_blogger_item_body\"><div class=\"post_featured with_thumb hover_dots sc_item_featured sc_blogger_item_featured\"><img loading=\"lazy\" decoding=\"async\" width=\"1735\" height=\"1080\" src=\"https:\/\/imuset.de\/wp-content\/uploads\/2023\/02\/2016-Fertigstellung-Dario-Malkowski-Ausstellung-2000px.jpg\" class=\"attachment-full size-full wp-post-image\" alt=\"\" srcset=\"https:\/\/imuset.de\/wp-content\/uploads\/2023\/02\/2016-Fertigstellung-Dario-Malkowski-Ausstellung-2000px.jpg 1735w, https:\/\/imuset.de\/wp-content\/uploads\/2023\/02\/2016-Fertigstellung-Dario-Malkowski-Ausstellung-2000px-300x187.jpg 300w, https:\/\/imuset.de\/wp-content\/uploads\/2023\/02\/2016-Fertigstellung-Dario-Malkowski-Ausstellung-2000px-1024x637.jpg 1024w, https:\/\/imuset.de\/wp-content\/uploads\/2023\/02\/2016-Fertigstellung-Dario-Malkowski-Ausstellung-2000px-768x478.jpg 768w, https:\/\/imuset.de\/wp-content\/uploads\/2023\/02\/2016-Fertigstellung-Dario-Malkowski-Ausstellung-2000px-1536x956.jpg 1536w, https:\/\/imuset.de\/wp-content\/uploads\/2023\/02\/2016-Fertigstellung-Dario-Malkowski-Ausstellung-2000px-370x230.jpg 370w, https:\/\/imuset.de\/wp-content\/uploads\/2023\/02\/2016-Fertigstellung-Dario-Malkowski-Ausstellung-2000px-760x473.jpg 760w\" sizes=\"(max-width: 1735px) 100vw, 1735px\" \/>\t\t\t\t\t\t<div class=\"mask\"><\/div>\n\t\t\t\t\t\t\t\t\t<a href=\"https:\/\/imuset.de\/en\/ausstellung\/muse-kunstausstellung\/\"  aria-hidden=\"true\" class=\"icons\"><span><\/span><span><\/span><span><\/span><\/a>\n\t\t\t<\/div><div class=\"sc_blogger_item_content entry-content\"><h5 class=\"sc_blogger_item_title entry-title\" data-item-number=\"1\"><a href=\"https:\/\/imuset.de\/en\/ausstellung\/muse-kunstausstellung\/\" rel=\"bookmark\">MUSE Kunstausstellung<\/a><\/h5><div class=\"sc_blogger_post_meta post_meta sc_blogger_item_meta post_meta\"><\/div><div class=\"sc_blogger_item_button sc_item_button\"><a href=\"https:\/\/imuset.de\/en\/ausstellung\/muse-kunstausstellung\/\" class=\"sc_button sc_button_simple\">Weiterlesen<\/a><\/div><\/div><\/div><\/div><\/div><\/div>\t\t\t\t<\/div>\n\t\t\t\t<\/div>\n\t\t\t\t\t<\/div>\n\t\t<\/div>\n\t\t\t\t\t<\/div>\n\t\t<\/section>\n\t\t\t\t<div class=\"elementor-element elementor-element-ce843da sc_height_large sc_fly_static elementor-widget elementor-widget-spacer\" data-id=\"ce843da\" data-element_type=\"widget\" data-e-type=\"widget\" data-widget_type=\"spacer.default\">\n\t\t\t\t<div class=\"elementor-widget-container\">\n\t\t\t\t\t\t\t<div class=\"elementor-spacer\">\n\t\t\t<div class=\"elementor-spacer-inner\"><\/div>\n\t\t<\/div>\n\t\t\t\t\t\t<\/div>\n\t\t\t\t<\/div>\n\t\t\t\t\t<\/div>\n\t\t<\/div>\n\t\t\t\t\t<\/div>\n\t\t<\/section>\n\t\t\t\t<\/div>\n\t\t","protected":false},"excerpt":{"rendered":"<p>Industriekultur und Kunstausstellung im iMUSEt Die Stadt Sch\u00f6nebeck (Elbe) und das Umland (bis einschl. Calbe) haben als Industrie- und Innovationsstandort eine der l\u00e4ngsten und bedeutendsten Traditionen, was landesweit und selbst&hellip;<\/p>\n","protected":false},"author":1,"featured_media":3073,"parent":0,"menu_order":0,"comment_status":"closed","ping_status":"closed","template":"","meta":{"_acf_changed":false,"_price":"","_stock":"","_tribe_ticket_header":"","_tribe_default_ticket_provider":"","_tribe_ticket_capacity":"0","_ticket_start_date":"","_ticket_end_date":"","_tribe_ticket_show_description":"","_tribe_ticket_show_not_going":false,"_tribe_ticket_use_global_stock":"","_tribe_ticket_global_stock_level":"","_global_stock_mode":"","_global_stock_cap":"","_tribe_rsvp_for_event":"","_tribe_ticket_going_count":"","_tribe_ticket_not_going_count":"","_tribe_tickets_list":"[]","_tribe_ticket_has_attendee_info_fields":false,"footnotes":""},"class_list":["post-2306","page","type-page","status-publish","has-post-thumbnail","hentry"],"acf":[],"_links":{"self":[{"href":"https:\/\/imuset.de\/en\/wp-json\/wp\/v2\/pages\/2306","targetHints":{"allow":["GET"]}}],"collection":[{"href":"https:\/\/imuset.de\/en\/wp-json\/wp\/v2\/pages"}],"about":[{"href":"https:\/\/imuset.de\/en\/wp-json\/wp\/v2\/types\/page"}],"author":[{"embeddable":true,"href":"https:\/\/imuset.de\/en\/wp-json\/wp\/v2\/users\/1"}],"replies":[{"embeddable":true,"href":"https:\/\/imuset.de\/en\/wp-json\/wp\/v2\/comments?post=2306"}],"version-history":[{"count":89,"href":"https:\/\/imuset.de\/en\/wp-json\/wp\/v2\/pages\/2306\/revisions"}],"predecessor-version":[{"id":4391,"href":"https:\/\/imuset.de\/en\/wp-json\/wp\/v2\/pages\/2306\/revisions\/4391"}],"wp:featuredmedia":[{"embeddable":true,"href":"https:\/\/imuset.de\/en\/wp-json\/wp\/v2\/media\/3073"}],"wp:attachment":[{"href":"https:\/\/imuset.de\/en\/wp-json\/wp\/v2\/media?parent=2306"}],"curies":[{"name":"wp","href":"https:\/\/api.w.org\/{rel}","templated":true}]}}