{"id":2314,"date":"2022-12-07T11:50:57","date_gmt":"2022-12-07T10:50:57","guid":{"rendered":"https:\/\/website.imuset.de\/?page_id=2314"},"modified":"2023-03-13T00:00:41","modified_gmt":"2023-03-12T23:00:41","slug":"kids-corner","status":"publish","type":"page","link":"https:\/\/imuset.de\/en\/kids-corner\/","title":{"rendered":"Kids Corner"},"content":{"rendered":"\t\t<div data-elementor-type=\"wp-page\" data-elementor-id=\"2314\" class=\"elementor elementor-2314\">\n\t\t\t\t\t\t<section class=\"elementor-section elementor-top-section elementor-element elementor-element-acf8213 elementor-section-stretched elementor-section-boxed elementor-section-height-default elementor-section-height-default sc_fly_static\" data-id=\"acf8213\" data-element_type=\"section\" data-e-type=\"section\" data-settings=\"{&quot;stretch_section&quot;:&quot;section-stretched&quot;,&quot;background_background&quot;:&quot;classic&quot;}\">\n\t\t\t\t\t\t<div class=\"elementor-container elementor-column-gap-extended\">\n\t\t\t\t\t<div class=\"elementor-column elementor-col-66 elementor-top-column elementor-element elementor-element-89f8319 sc_content_align_inherit sc_layouts_column_icons_position_left sc_fly_static\" data-id=\"89f8319\" data-element_type=\"column\" data-e-type=\"column\">\n\t\t\t<div class=\"elementor-widget-wrap elementor-element-populated\">\n\t\t\t\t\t\t<div class=\"elementor-element elementor-element-c4dac52 sc_fly_static elementor-widget elementor-widget-spacer\" data-id=\"c4dac52\" data-element_type=\"widget\" data-e-type=\"widget\" data-widget_type=\"spacer.default\">\n\t\t\t\t<div class=\"elementor-widget-container\">\n\t\t\t\t\t\t\t<div class=\"elementor-spacer\">\n\t\t\t<div class=\"elementor-spacer-inner\"><\/div>\n\t\t<\/div>\n\t\t\t\t\t\t<\/div>\n\t\t\t\t<\/div>\n\t\t\t\t<div class=\"elementor-element elementor-element-bc3723f sc_fly_static elementor-widget elementor-widget-heading\" data-id=\"bc3723f\" data-element_type=\"widget\" data-e-type=\"widget\" data-widget_type=\"heading.default\">\n\t\t\t\t<div class=\"elementor-widget-container\">\n\t\t\t\t\t<h2 class=\"elementor-heading-title elementor-size-default\">Angebot<br>\niMUSEt \u2013 Kids<\/h2>\t\t\t\t<\/div>\n\t\t\t\t<\/div>\n\t\t\t\t\t<\/div>\n\t\t<\/div>\n\t\t\t\t<div class=\"elementor-column elementor-col-33 elementor-top-column elementor-element elementor-element-f9e4481 sc_content_align_inherit sc_layouts_column_icons_position_left sc_fly_static\" data-id=\"f9e4481\" data-element_type=\"column\" data-e-type=\"column\">\n\t\t\t<div class=\"elementor-widget-wrap\">\n\t\t\t\t\t\t\t<\/div>\n\t\t<\/div>\n\t\t\t\t\t<\/div>\n\t\t<\/section>\n\t\t\t\t<section class=\"elementor-section elementor-top-section elementor-element elementor-element-cead087 elementor-section-stretched elementor-section-boxed elementor-section-height-default elementor-section-height-default sc_fly_static\" data-id=\"cead087\" data-element_type=\"section\" data-e-type=\"section\" data-settings=\"{&quot;stretch_section&quot;:&quot;section-stretched&quot;,&quot;background_background&quot;:&quot;classic&quot;}\">\n\t\t\t\t\t\t\t<div class=\"elementor-background-overlay\"><\/div>\n\t\t\t\t\t\t\t<div class=\"elementor-container elementor-column-gap-extended\">\n\t\t\t\t\t<div class=\"elementor-column elementor-col-66 elementor-top-column elementor-element elementor-element-2ccf800 sc_content_align_inherit sc_layouts_column_icons_position_left sc_fly_static\" data-id=\"2ccf800\" data-element_type=\"column\" data-e-type=\"column\">\n\t\t\t<div class=\"elementor-widget-wrap elementor-element-populated\">\n\t\t\t\t\t\t<div class=\"elementor-element elementor-element-afd9b5f sc_fly_static elementor-widget elementor-widget-spacer\" data-id=\"afd9b5f\" data-element_type=\"widget\" data-e-type=\"widget\" data-widget_type=\"spacer.default\">\n\t\t\t\t<div class=\"elementor-widget-container\">\n\t\t\t\t\t\t\t<div class=\"elementor-spacer\">\n\t\t\t<div class=\"elementor-spacer-inner\"><\/div>\n\t\t<\/div>\n\t\t\t\t\t\t<\/div>\n\t\t\t\t<\/div>\n\t\t\t\t<div class=\"elementor-element elementor-element-37ac5ce elementor-drop-cap-yes elementor-drop-cap-view-default sc_fly_static elementor-widget elementor-widget-text-editor\" data-id=\"37ac5ce\" data-element_type=\"widget\" data-e-type=\"widget\" data-settings=\"{&quot;drop_cap&quot;:&quot;yes&quot;}\" data-widget_type=\"text-editor.default\">\n\t\t\t\t<div class=\"elementor-widget-container\">\n\t\t\t\t\t\t\t\t\t<p>Dienstags &#8211; aller 14 Tage &#8211; treffen sich um 16 Uhr die iMUSEt Kids im Museum. Schulkinder aller Altersklassen kommen zusammen, um eine Zeitreise in die Welt der Arbeit ihrer Gro\u00dfeltern und Eltern zu machen.<\/p><p>Dabei gibt es viel Interessantes zu entdecken z.Bspl. wie wurde im 20. Jahrhundert telefoniert? Cool ist auch das Schrauben am Traktor und die anschlie\u00dfende Probefahrt im Beifahrersitz auf dem Museumsau\u00dfengel\u00e4nde.<\/p><p>In der Chemieecke werden Experimente ausget\u00fcftelt, welche dann beim Experimentetag den Museumsbesuchern und G\u00e4sten begeistert vorgef\u00fchrt werden\u2026<\/p><p>In der Druckereiecke wandeln die Kids auf den Spuren Gutenbergs und lassen ihrer Kreativit\u00e4t freien Lauf\u2026 Nach der Herstellung ihrer eigenen Druckvorlage wurde diese auf einer historischen Druckmaschine gedruckt\u2026<\/p>\t\t\t\t\t\t\t\t<\/div>\n\t\t\t\t<\/div>\n\t\t\t\t<div class=\"elementor-element elementor-element-4c2d668 sc_fly_static elementor-widget elementor-widget-spacer\" data-id=\"4c2d668\" data-element_type=\"widget\" data-e-type=\"widget\" data-widget_type=\"spacer.default\">\n\t\t\t\t<div class=\"elementor-widget-container\">\n\t\t\t\t\t\t\t<div class=\"elementor-spacer\">\n\t\t\t<div class=\"elementor-spacer-inner\"><\/div>\n\t\t<\/div>\n\t\t\t\t\t\t<\/div>\n\t\t\t\t<\/div>\n\t\t\t\t\t<\/div>\n\t\t<\/div>\n\t\t\t\t<div class=\"elementor-column elementor-col-33 elementor-top-column elementor-element elementor-element-f2f7128 sc_content_align_inherit sc_layouts_column_icons_position_left sc_fly_static\" data-id=\"f2f7128\" data-element_type=\"column\" data-e-type=\"column\">\n\t\t\t<div class=\"elementor-widget-wrap elementor-element-populated\">\n\t\t\t\t\t\t<div class=\"elementor-element elementor-element-b25b7c3 sc_fly_static elementor-widget elementor-widget-spacer\" data-id=\"b25b7c3\" data-element_type=\"widget\" data-e-type=\"widget\" data-widget_type=\"spacer.default\">\n\t\t\t\t<div class=\"elementor-widget-container\">\n\t\t\t\t\t\t\t<div class=\"elementor-spacer\">\n\t\t\t<div class=\"elementor-spacer-inner\"><\/div>\n\t\t<\/div>\n\t\t\t\t\t\t<\/div>\n\t\t\t\t<\/div>\n\t\t\t\t<div class=\"elementor-element elementor-element-b444ee6 sc_fly_static elementor-widget elementor-widget-image\" data-id=\"b444ee6\" data-element_type=\"widget\" data-e-type=\"widget\" data-widget_type=\"image.default\">\n\t\t\t\t<div class=\"elementor-widget-container\">\n\t\t\t\t\t\t\t\t\t\t\t\t\t\t\t<img fetchpriority=\"high\" decoding=\"async\" width=\"1024\" height=\"572\" src=\"https:\/\/imuset.de\/wp-content\/uploads\/2023\/02\/Bildschirmfoto-2023-02-16-um-19.23.37-Gross-1024x572.jpeg\" class=\"attachment-large size-large wp-image-3133\" alt=\"\" srcset=\"https:\/\/imuset.de\/wp-content\/uploads\/2023\/02\/Bildschirmfoto-2023-02-16-um-19.23.37-Gross-1024x572.jpeg 1024w, https:\/\/imuset.de\/wp-content\/uploads\/2023\/02\/Bildschirmfoto-2023-02-16-um-19.23.37-Gross-300x168.jpeg 300w, https:\/\/imuset.de\/wp-content\/uploads\/2023\/02\/Bildschirmfoto-2023-02-16-um-19.23.37-Gross-768x429.jpeg 768w, https:\/\/imuset.de\/wp-content\/uploads\/2023\/02\/Bildschirmfoto-2023-02-16-um-19.23.37-Gross-370x207.jpeg 370w, https:\/\/imuset.de\/wp-content\/uploads\/2023\/02\/Bildschirmfoto-2023-02-16-um-19.23.37-Gross-760x425.jpeg 760w, https:\/\/imuset.de\/wp-content\/uploads\/2023\/02\/Bildschirmfoto-2023-02-16-um-19.23.37-Gross-270x152.jpeg 270w, https:\/\/imuset.de\/wp-content\/uploads\/2023\/02\/Bildschirmfoto-2023-02-16-um-19.23.37-Gross.jpeg 1280w\" sizes=\"(max-width: 1024px) 100vw, 1024px\" \/>\t\t\t\t\t\t\t\t\t\t\t\t\t\t\t<\/div>\n\t\t\t\t<\/div>\n\t\t\t\t\t<\/div>\n\t\t<\/div>\n\t\t\t\t\t<\/div>\n\t\t<\/section>\n\t\t\t\t<section class=\"elementor-section elementor-top-section elementor-element elementor-element-9db2c9f elementor-section-boxed elementor-section-height-default elementor-section-height-default sc_fly_static\" data-id=\"9db2c9f\" data-element_type=\"section\" data-e-type=\"section\" data-settings=\"{&quot;background_background&quot;:&quot;classic&quot;}\">\n\t\t\t\t\t\t<div class=\"elementor-container elementor-column-gap-extended\">\n\t\t\t\t\t<div class=\"elementor-column elementor-col-66 elementor-top-column elementor-element elementor-element-3894a6b sc_content_align_inherit sc_layouts_column_icons_position_left sc_fly_static\" data-id=\"3894a6b\" data-element_type=\"column\" data-e-type=\"column\">\n\t\t\t<div class=\"elementor-widget-wrap elementor-element-populated\">\n\t\t\t\t\t\t<div class=\"elementor-element elementor-element-1d7ded4 sc_fly_static elementor-widget elementor-widget-image\" data-id=\"1d7ded4\" data-element_type=\"widget\" data-e-type=\"widget\" data-widget_type=\"image.default\">\n\t\t\t\t<div class=\"elementor-widget-container\">\n\t\t\t\t\t\t\t\t\t\t\t\t\t\t\t<img decoding=\"async\" width=\"1024\" height=\"768\" src=\"https:\/\/imuset.de\/wp-content\/uploads\/2023\/02\/2011-Erste-Schuelergruppen-1024x768.jpg\" class=\"attachment-large size-large wp-image-3503\" alt=\"\" srcset=\"https:\/\/imuset.de\/wp-content\/uploads\/2023\/02\/2011-Erste-Schuelergruppen-1024x768.jpg 1024w, https:\/\/imuset.de\/wp-content\/uploads\/2023\/02\/2011-Erste-Schuelergruppen-300x225.jpg 300w, https:\/\/imuset.de\/wp-content\/uploads\/2023\/02\/2011-Erste-Schuelergruppen-768x576.jpg 768w, https:\/\/imuset.de\/wp-content\/uploads\/2023\/02\/2011-Erste-Schuelergruppen-1536x1152.jpg 1536w, https:\/\/imuset.de\/wp-content\/uploads\/2023\/02\/2011-Erste-Schuelergruppen-2048x1536.jpg 2048w, https:\/\/imuset.de\/wp-content\/uploads\/2023\/02\/2011-Erste-Schuelergruppen-370x278.jpg 370w, https:\/\/imuset.de\/wp-content\/uploads\/2023\/02\/2011-Erste-Schuelergruppen-520x390.jpg 520w, https:\/\/imuset.de\/wp-content\/uploads\/2023\/02\/2011-Erste-Schuelergruppen-760x570.jpg 760w, https:\/\/imuset.de\/wp-content\/uploads\/2023\/02\/2011-Erste-Schuelergruppen-scaled.jpg 1440w\" sizes=\"(max-width: 1024px) 100vw, 1024px\" \/>\t\t\t\t\t\t\t\t\t\t\t\t\t\t\t<\/div>\n\t\t\t\t<\/div>\n\t\t\t\t\t<\/div>\n\t\t<\/div>\n\t\t\t\t<div class=\"elementor-column elementor-col-33 elementor-top-column elementor-element elementor-element-fb8bda2 sc_content_align_inherit sc_layouts_column_icons_position_left sc_fly_static\" data-id=\"fb8bda2\" data-element_type=\"column\" data-e-type=\"column\">\n\t\t\t<div class=\"elementor-widget-wrap elementor-element-populated\">\n\t\t\t\t\t\t<div class=\"elementor-element elementor-element-4fe039d sc_fly_static elementor-widget elementor-widget-text-editor\" data-id=\"4fe039d\" data-element_type=\"widget\" data-e-type=\"widget\" data-widget_type=\"text-editor.default\">\n\t\t\t\t<div class=\"elementor-widget-container\">\n\t\t\t\t\t\t\t\t\t<h3><b>Schulische Projekttage<\/b><\/h3><p>Schulische Projekttage h\u00f6ren sich nach Arbeit an, sind es aber nicht.<\/p><p>Regionalstolz im Erforschungsteam kann man leicht an schulischen Projekttagen entwickeln. Die Schlauen st\u00f6bern vorher in der iMUSEt-App herum.<\/p><p>Den Museums-Oldies L\u00f6cher in den Bauch fragen macht auch Spa\u00df.<\/p><p>Ein kleiner Fragebogen fordert heraus und st\u00f6\u00dft den einen oder anderen in die richtige Denk- oder Suchrichtung.<\/p><p>Die Stunden vergehen wie im Flug \u2013 da hilft manchmal nur die Nachlese mit seinen eigenen \u201eOldies\u201c.<\/p><p>Eure Lehrer werden den Weg zu unseren <a href=\"https:\/\/imuset.de\/#anfahrt\"><strong>Kontaktdaten<\/strong><\/a> schon finden.<\/p>\t\t\t\t\t\t\t\t<\/div>\n\t\t\t\t<\/div>\n\t\t\t\t\t<\/div>\n\t\t<\/div>\n\t\t\t\t\t<\/div>\n\t\t<\/section>\n\t\t\t\t<section class=\"elementor-section elementor-top-section elementor-element elementor-element-79c34ac elementor-section-stretched elementor-section-boxed elementor-section-height-default elementor-section-height-default sc_fly_static\" data-id=\"79c34ac\" data-element_type=\"section\" data-e-type=\"section\" data-settings=\"{&quot;stretch_section&quot;:&quot;section-stretched&quot;,&quot;background_background&quot;:&quot;classic&quot;}\">\n\t\t\t\t\t\t<div class=\"elementor-container elementor-column-gap-extended\">\n\t\t\t\t\t<div class=\"elementor-column elementor-col-66 elementor-top-column elementor-element elementor-element-392425d sc_content_align_inherit sc_layouts_column_icons_position_left sc_fly_static\" data-id=\"392425d\" data-element_type=\"column\" data-e-type=\"column\">\n\t\t\t<div class=\"elementor-widget-wrap\">\n\t\t\t\t\t\t\t<\/div>\n\t\t<\/div>\n\t\t\t\t<div class=\"elementor-column elementor-col-33 elementor-top-column elementor-element elementor-element-fd2e93a sc_content_align_inherit sc_layouts_column_icons_position_left sc_fly_static\" data-id=\"fd2e93a\" data-element_type=\"column\" data-e-type=\"column\">\n\t\t\t<div class=\"elementor-widget-wrap elementor-element-populated\">\n\t\t\t\t\t\t<div class=\"elementor-element elementor-element-2fe3204 sc_fly_static elementor-widget elementor-widget-text-editor\" data-id=\"2fe3204\" data-element_type=\"widget\" data-e-type=\"widget\" data-widget_type=\"text-editor.default\">\n\t\t\t\t<div class=\"elementor-widget-container\">\n\t\t\t\t\t\t\t\t\t<h4><span style=\"color: #ffffff;\">Partnerschulen<\/span><\/h4><p><span style=\"color: #ffffff;\">Lerchenfeldschule<\/span>\u00a0\u00a0\u00a0\u00a0\u00a0\u00a0\u00a0\u00a0\u00a0\u00a0\u00a0 <a href=\"http:\/\/www.lerchenfeldschule.de\" target=\"_blank\" rel=\"noopener\">www.lerchenfeldschule.de<\/a><\/p><p><span style=\"color: #ffffff;\">Maxim Gorki Schule\u00a0<\/span>\u00a0\u00a0\u00a0\u00a0\u00a0\u00a0\u00a0 <a href=\"http:\/\/www.sks-gorki-schoenebeck.bildung-lsa.de\" target=\"_blank\" rel=\"noopener\">www.sks-gorki-schoenebeck.bildung-lsa.de<\/a><\/p><p><span style=\"color: #ffffff;\">Herrmann Gymnasium<\/span>\u00a0\u00a0\u00a0 <a href=\"http:\/\/www.gym-hermann.bildung-lsa.de\" target=\"_blank\" rel=\"noopener\">www.gym-hermann.bildung-lsa.de<\/a><\/p>\t\t\t\t\t\t\t\t<\/div>\n\t\t\t\t<\/div>\n\t\t\t\t\t<\/div>\n\t\t<\/div>\n\t\t\t\t\t<\/div>\n\t\t<\/section>\n\t\t\t\t<\/div>\n\t\t","protected":false},"excerpt":{"rendered":"<p>Angebot iMUSEt \u2013 Kids Dienstags &#8211; aller 14 Tage &#8211; treffen sich um 16 Uhr die iMUSEt Kids im Museum. Schulkinder aller Altersklassen kommen zusammen, um eine Zeitreise in die&hellip;<\/p>\n","protected":false},"author":1,"featured_media":4494,"parent":0,"menu_order":0,"comment_status":"closed","ping_status":"closed","template":"","meta":{"_acf_changed":false,"_price":"","_stock":"","_tribe_ticket_header":"","_tribe_default_ticket_provider":"","_tribe_ticket_capacity":"0","_ticket_start_date":"","_ticket_end_date":"","_tribe_ticket_show_description":"","_tribe_ticket_show_not_going":false,"_tribe_ticket_use_global_stock":"","_tribe_ticket_global_stock_level":"","_global_stock_mode":"","_global_stock_cap":"","_tribe_rsvp_for_event":"","_tribe_ticket_going_count":"","_tribe_ticket_not_going_count":"","_tribe_tickets_list":"[]","_tribe_ticket_has_attendee_info_fields":false,"footnotes":""},"class_list":["post-2314","page","type-page","status-publish","has-post-thumbnail","hentry"],"acf":[],"_links":{"self":[{"href":"https:\/\/imuset.de\/en\/wp-json\/wp\/v2\/pages\/2314","targetHints":{"allow":["GET"]}}],"collection":[{"href":"https:\/\/imuset.de\/en\/wp-json\/wp\/v2\/pages"}],"about":[{"href":"https:\/\/imuset.de\/en\/wp-json\/wp\/v2\/types\/page"}],"author":[{"embeddable":true,"href":"https:\/\/imuset.de\/en\/wp-json\/wp\/v2\/users\/1"}],"replies":[{"embeddable":true,"href":"https:\/\/imuset.de\/en\/wp-json\/wp\/v2\/comments?post=2314"}],"version-history":[{"count":81,"href":"https:\/\/imuset.de\/en\/wp-json\/wp\/v2\/pages\/2314\/revisions"}],"predecessor-version":[{"id":8319,"href":"https:\/\/imuset.de\/en\/wp-json\/wp\/v2\/pages\/2314\/revisions\/8319"}],"wp:featuredmedia":[{"embeddable":true,"href":"https:\/\/imuset.de\/en\/wp-json\/wp\/v2\/media\/4494"}],"wp:attachment":[{"href":"https:\/\/imuset.de\/en\/wp-json\/wp\/v2\/media?parent=2314"}],"curies":[{"name":"wp","href":"https:\/\/api.w.org\/{rel}","templated":true}]}}