{"id":2320,"date":"2022-12-07T11:53:07","date_gmt":"2022-12-07T10:53:07","guid":{"rendered":"https:\/\/website.imuset.de\/?page_id=2320"},"modified":"2026-04-10T22:08:37","modified_gmt":"2026-04-10T20:08:37","slug":"imuset-foerdern","status":"publish","type":"page","link":"https:\/\/imuset.de\/en\/imuset-foerdern\/","title":{"rendered":"iMUSEt f\u00f6rdern"},"content":{"rendered":"\t\t<div data-elementor-type=\"wp-page\" data-elementor-id=\"2320\" class=\"elementor elementor-2320\">\n\t\t\t\t\t\t<section class=\"elementor-section elementor-top-section elementor-element elementor-element-6c4f24f elementor-section-boxed elementor-section-height-default elementor-section-height-default sc_fly_static\" data-id=\"6c4f24f\" data-element_type=\"section\" data-e-type=\"section\">\n\t\t\t\t\t\t<div class=\"elementor-container elementor-column-gap-extended\">\n\t\t\t\t\t<div class=\"elementor-column elementor-col-66 elementor-top-column elementor-element elementor-element-8941311 sc_content_align_inherit sc_layouts_column_icons_position_left sc_fly_static\" data-id=\"8941311\" data-element_type=\"column\" data-e-type=\"column\">\n\t\t\t<div class=\"elementor-widget-wrap elementor-element-populated\">\n\t\t\t\t\t\t<div class=\"elementor-element elementor-element-4e4220d sc_fly_static elementor-widget elementor-widget-heading\" data-id=\"4e4220d\" data-element_type=\"widget\" data-e-type=\"widget\" data-widget_type=\"heading.default\">\n\t\t\t\t<div class=\"elementor-widget-container\">\n\t\t\t\t\t<h2 class=\"elementor-heading-title elementor-size-default\">Werde F\u00f6rderer des iMUSEt!<\/h2>\t\t\t\t<\/div>\n\t\t\t\t<\/div>\n\t\t\t\t\t<\/div>\n\t\t<\/div>\n\t\t\t\t<div class=\"elementor-column elementor-col-33 elementor-top-column elementor-element elementor-element-5e37525 sc_content_align_inherit sc_layouts_column_icons_position_left sc_fly_static\" data-id=\"5e37525\" data-element_type=\"column\" data-e-type=\"column\">\n\t\t\t<div class=\"elementor-widget-wrap elementor-element-populated\">\n\t\t\t\t\t\t<div class=\"elementor-element elementor-element-e4a9c75 sc_fly_static elementor-widget elementor-widget-text-editor\" data-id=\"e4a9c75\" data-element_type=\"widget\" data-e-type=\"widget\" data-widget_type=\"text-editor.default\">\n\t\t\t\t<div class=\"elementor-widget-container\">\n\t\t\t\t\t\t\t\t\t<div style=\"align-items: center; display: flex; justify-content: center;\"><a href=\"https:\/\/www.erih.de\/\" target=\"_blank\" rel=\"noopener\"><img decoding=\"async\" class=\"alignleft wp-image-3779\" src=\"https:\/\/imuset.de\/wp-content\/uploads\/2023\/02\/ERIH_Rad-90x90.webp\" alt=\"\" width=\"80\" height=\"80\" srcset=\"https:\/\/imuset.de\/wp-content\/uploads\/2023\/02\/ERIH_Rad-90x90.webp 90w, https:\/\/imuset.de\/wp-content\/uploads\/2023\/02\/ERIH_Rad-300x300.webp 300w, https:\/\/imuset.de\/wp-content\/uploads\/2023\/02\/ERIH_Rad-150x150.webp 150w, https:\/\/imuset.de\/wp-content\/uploads\/2023\/02\/ERIH_Rad-370x370.webp 370w, https:\/\/imuset.de\/wp-content\/uploads\/2023\/02\/ERIH_Rad.webp 427w\" sizes=\"(max-width: 80px) 100vw, 80px\" \/><\/a>\n<a href=\"https:\/\/www.mv-sachsen-anhalt.de\/\" target=\"_blank\" rel=\"noopener\"><img decoding=\"async\" class=\"alignleft wp-image-3785\" src=\"https:\/\/imuset.de\/wp-content\/uploads\/2023\/02\/mv_logo_rgb-Mittel-300x75.jpeg\" alt=\"\" width=\"200\" height=\"50\" srcset=\"https:\/\/imuset.de\/wp-content\/uploads\/2023\/02\/mv_logo_rgb-Mittel-300x75.jpeg 300w, https:\/\/imuset.de\/wp-content\/uploads\/2023\/02\/mv_logo_rgb-Mittel-370x93.jpeg 370w, https:\/\/imuset.de\/wp-content\/uploads\/2023\/02\/mv_logo_rgb-Mittel.jpeg 640w\" sizes=\"(max-width: 200px) 100vw, 200px\" \/><\/a><\/div>\t\t\t\t\t\t\t\t<\/div>\n\t\t\t\t<\/div>\n\t\t\t\t\t<\/div>\n\t\t<\/div>\n\t\t\t\t\t<\/div>\n\t\t<\/section>\n\t\t\t\t<section class=\"elementor-section elementor-top-section elementor-element elementor-element-57c3958 elementor-section-boxed elementor-section-height-default elementor-section-height-default sc_fly_static\" data-id=\"57c3958\" data-element_type=\"section\" data-e-type=\"section\">\n\t\t\t\t\t\t<div class=\"elementor-container elementor-column-gap-extended\">\n\t\t\t\t\t<div class=\"elementor-column elementor-col-100 elementor-top-column elementor-element elementor-element-7ea0665 sc_content_align_inherit sc_layouts_column_icons_position_left sc_fly_static\" data-id=\"7ea0665\" data-element_type=\"column\" data-e-type=\"column\">\n\t\t\t<div class=\"elementor-widget-wrap elementor-element-populated\">\n\t\t\t\t\t\t<div class=\"elementor-element elementor-element-beab7b9 sc_fly_static elementor-widget elementor-widget-spacer\" data-id=\"beab7b9\" data-element_type=\"widget\" data-e-type=\"widget\" data-widget_type=\"spacer.default\">\n\t\t\t\t<div class=\"elementor-widget-container\">\n\t\t\t\t\t\t\t<div class=\"elementor-spacer\">\n\t\t\t<div class=\"elementor-spacer-inner\"><\/div>\n\t\t<\/div>\n\t\t\t\t\t\t<\/div>\n\t\t\t\t<\/div>\n\t\t\t\t\t<\/div>\n\t\t<\/div>\n\t\t\t\t\t<\/div>\n\t\t<\/section>\n\t\t\t\t<section class=\"elementor-section elementor-top-section elementor-element elementor-element-e656a7c elementor-section-boxed elementor-section-height-default elementor-section-height-default sc_fly_static\" data-id=\"e656a7c\" data-element_type=\"section\" data-e-type=\"section\">\n\t\t\t\t\t\t<div class=\"elementor-container elementor-column-gap-extended\">\n\t\t\t\t\t<div class=\"elementor-column elementor-col-66 elementor-top-column elementor-element elementor-element-6a529a2 sc_content_align_inherit sc_layouts_column_icons_position_left sc_fly_static\" data-id=\"6a529a2\" data-element_type=\"column\" data-e-type=\"column\">\n\t\t\t<div class=\"elementor-widget-wrap elementor-element-populated\">\n\t\t\t\t\t\t<div class=\"elementor-element elementor-element-529c176 sc_fly_static elementor-widget elementor-widget-image\" data-id=\"529c176\" data-element_type=\"widget\" data-e-type=\"widget\" data-widget_type=\"image.default\">\n\t\t\t\t<div class=\"elementor-widget-container\">\n\t\t\t\t\t\t\t\t\t\t\t\t\t\t\t<img fetchpriority=\"high\" decoding=\"async\" width=\"1024\" height=\"684\" src=\"https:\/\/imuset.de\/wp-content\/uploads\/2023\/02\/2014-Spende-der-NAMMO-Munitionsmaschinen-1024x684.jpg\" class=\"attachment-large size-large wp-image-3331\" alt=\"\" srcset=\"https:\/\/imuset.de\/wp-content\/uploads\/2023\/02\/2014-Spende-der-NAMMO-Munitionsmaschinen-1024x684.jpg 1024w, https:\/\/imuset.de\/wp-content\/uploads\/2023\/02\/2014-Spende-der-NAMMO-Munitionsmaschinen-300x201.jpg 300w, https:\/\/imuset.de\/wp-content\/uploads\/2023\/02\/2014-Spende-der-NAMMO-Munitionsmaschinen-768x513.jpg 768w, https:\/\/imuset.de\/wp-content\/uploads\/2023\/02\/2014-Spende-der-NAMMO-Munitionsmaschinen-1536x1027.jpg 1536w, https:\/\/imuset.de\/wp-content\/uploads\/2023\/02\/2014-Spende-der-NAMMO-Munitionsmaschinen-2048x1369.jpg 2048w, https:\/\/imuset.de\/wp-content\/uploads\/2023\/02\/2014-Spende-der-NAMMO-Munitionsmaschinen-370x247.jpg 370w, https:\/\/imuset.de\/wp-content\/uploads\/2023\/02\/2014-Spende-der-NAMMO-Munitionsmaschinen-760x508.jpg 760w, https:\/\/imuset.de\/wp-content\/uploads\/2023\/02\/2014-Spende-der-NAMMO-Munitionsmaschinen-scaled.jpg 1616w\" sizes=\"(max-width: 1024px) 100vw, 1024px\" \/>\t\t\t\t\t\t\t\t\t\t\t\t\t\t\t<\/div>\n\t\t\t\t<\/div>\n\t\t\t\t<div class=\"elementor-element elementor-element-7e81705 sc_fly_static elementor-widget elementor-widget-spacer\" data-id=\"7e81705\" data-element_type=\"widget\" data-e-type=\"widget\" data-widget_type=\"spacer.default\">\n\t\t\t\t<div class=\"elementor-widget-container\">\n\t\t\t\t\t\t\t<div class=\"elementor-spacer\">\n\t\t\t<div class=\"elementor-spacer-inner\"><\/div>\n\t\t<\/div>\n\t\t\t\t\t\t<\/div>\n\t\t\t\t<\/div>\n\t\t\t\t<div class=\"elementor-element elementor-element-fe237ce elementor-drop-cap-yes elementor-drop-cap-view-default sc_fly_static elementor-widget elementor-widget-text-editor\" data-id=\"fe237ce\" data-element_type=\"widget\" data-e-type=\"widget\" data-settings=\"{&quot;drop_cap&quot;:&quot;yes&quot;}\" data-widget_type=\"text-editor.default\">\n\t\t\t\t<div class=\"elementor-widget-container\">\n\t\t\t\t\t\t\t\t\t<p>Das Industrie- und Kunstmuseum Sch\u00f6nebeck (iMUSEt) stellt die hochbedeutende Industriegeschichte der vorindustriellen Revolution sowie Kunstwerke aus der K\u00fcnstlerstadt in und um Sch\u00f6nebeck ab 1780 bis zur Neuzeit aus.<\/p><p>Diese Leuchtturmfunktion f\u00fcr Sachsen-Anhalt und Deutschland wird auch mit der Mitgliedschaft und den Aktivit\u00e4ten in Europa (<a href=\"https:\/\/www.erih.de\/\" target=\"_blank\" rel=\"noopener\">ERIH<\/a> &#8211; Europ\u00e4ische Route der Industriekultur) und im <a href=\"https:\/\/www.mv-sachsen-anhalt.de\" target=\"_blank\" rel=\"noopener\">Museumsverband Sachsen-Anhalt\u00a0<\/a>unterstrichen.<\/p><p>Mit ganz viel Herzblut und Enthusiasmus wird diese ehrenamtliche Arbeit in unserem gemeinn\u00fctzigen Verein und Museum von den B\u00fcrgern der Stadt Sch\u00f6nebeck und des Umlandes geleistet.<br \/>Somit wird auch der Wissensschatz des beruflichen Erbes der Gro\u00dfv\u00e4ter, V\u00e4ter und M\u00fctter unserer Mitglieder f\u00fcr kommende Generationen bewahrt.<\/p><p>Das iMUSEt ist ein privat gef\u00fchrtes Museum und finanziert sich nur durch Sponsoren, Mitgliederbeitr\u00e4ge,\u00a0Eintrittsgelder und Spenden.<\/p><p>Viele flei\u00dfige H\u00e4nde haben schon viel geschafft \u2013 doch die vor uns liegenden Aufgaben und Projekte brauchen weitere tatkr\u00e4ftige und finanzielle Unterst\u00fctzung und Hilfe, um das Museum weiter fit f\u00fcr die Zukunft zu machen.<\/p><p>Schauen Sie bei uns rein und gehen Sie auf eine kleine Zeitreise in die Vergangenheit, um dann mit uns die Zukunft des Museums zu gestalten!<\/p><p>Jeden 1. Dienstag im Monat treffen sich die iMUSEt-Mitglieder und Freunde um 17 Uhr im Museum. Wir freuen uns \u00fcber jede Art (tatkr\u00e4ftig und\/oder Spende) der Hilfe und Unterst\u00fctzung.<\/p><p><b>Kontaktaufnahme:<\/b> <a href=\"mailto:a.balk@imuset.de\">a.balk@imuset.de<\/a><\/p>\t\t\t\t\t\t\t\t<\/div>\n\t\t\t\t<\/div>\n\t\t\t\t\t<\/div>\n\t\t<\/div>\n\t\t\t\t<div class=\"elementor-column elementor-col-33 elementor-top-column elementor-element elementor-element-d6ae6db sc_content_align_inherit sc_layouts_column_icons_position_left sc_fly_static\" data-id=\"d6ae6db\" data-element_type=\"column\" data-e-type=\"column\" data-settings=\"{&quot;background_background&quot;:&quot;classic&quot;}\">\n\t\t\t<div class=\"elementor-widget-wrap elementor-element-populated\">\n\t\t\t\t\t\t<div class=\"elementor-element elementor-element-e99e664 elementor-position-block-start elementor-view-default elementor-mobile-position-block-start sc_fly_static elementor-widget elementor-widget-icon-box\" data-id=\"e99e664\" data-element_type=\"widget\" data-e-type=\"widget\" data-widget_type=\"icon-box.default\">\n\t\t\t\t<div class=\"elementor-widget-container\">\n\t\t\t\t\t\t\t<div class=\"elementor-icon-box-wrapper\">\n\n\t\t\t\t\t\t<div class=\"elementor-icon-box-icon\">\n\t\t\t\t<span  class=\"elementor-icon\">\n\t\t\t\t<i aria-hidden=\"true\" class=\"fas fa-trophy\"><\/i>\t\t\t\t<\/span>\n\t\t\t<\/div>\n\t\t\t\n\t\t\t\t\t\t<div class=\"elementor-icon-box-content\">\n\n\t\t\t\t\t\t\t\t\t<h3 class=\"elementor-icon-box-title\">\n\t\t\t\t\t\t<span  >\n\t\t\t\t\t\t\tPartner und Sponsoren\t\t\t\t\t\t<\/span>\n\t\t\t\t\t<\/h3>\n\t\t\t\t\n\t\t\t\t\t\t\t\t\t<p class=\"elementor-icon-box-description\">\n\t\t\t\t\t\t<b>Einen gro\u00dfen Dank f\u00fcr die hilfreiche Unterst\u00fctzung!<\/b>\n<br>\n<br>\nAgrargenossenschaft Calbe\t - \nAmbulanz Mobile GmbH &amp; Co. KG Sch\u00f6nebeck\t - \nAnders Gabelstapler GmbH Biere\t - \nBau K&amp;S GmbH Sch\u00f6nebeck\t - \nCWS Industrie- und Gewerbepark GmbH Sch\u00f6nebeck\t - \nDruckerei Schl\u00fcter GmbH &amp; Co. KG Sch\u00f6nebeck\t - \nElektroservice Schmidt Sch\u00f6nebeck\t - \nEnergieanlagen RAMONAT GmbH Sch\u00f6nebeck\t - \nEnergy Systems GmbH Sch\u00f6nebeck\t - \nErdgas Mittelsachsen GmbH (EMS)\t - \nFotografikdesign Matthias R\u00f6hricht Sch\u00f6nebeck \t - \nG\u00f6hlich AFT SBK\t - \nHenschel Metallbau Tornitz\t - \nHolz \u2013 und Glasbau Meyer Welsleben\t - \nHUKE \u2013 Werbung &amp; Design Sch\u00f6nebeck\t - \nHZ Metallbau Eggersdorf\t - \nIndustrietourismus in Sachsen-Anhalt\t - \nINDUSYS Technologies Travier\/Belgien\t - \nIngenieurb\u00fcro f\u00fcr Tragwerksplanung Sch\u00f6nebeck\t - \nJobcenter Bernburg\/Sch\u00f6nebeck\t - \nK+S Kali GmbH Zielitz\t - \nKarl-Heinz Pape\t - \nKettel-Service Kaliner Sch\u00f6nebeck\t - \nKreiswirtschaftsbetrieb des Salzlandkreises\t - \nK\u00fcstermann &amp; Co. Autoservice u. Metallbau Barby\t - \nLeichtform GmbH Bernburg\t - \nLions Club Sch\u00f6nebeck\t - \nLorenz Lackierungen GmbH &amp; Co.KG Sch\u00f6nebeck\t - \nLustinetz BADEN WIE DIE G\u00d6TTER GmbH Sch\u00f6nebeck      \t - \nMalerbetrieb Swen Scheiner Welsleben\t - \nMalermeisterbetrieb DOHLE Barby\t - \nMuseumsverband Sachsen-Anhalt\t - \nMWS L\u00f6schenkohl Motorenwerke Sch\u00f6nebeck GmbH\t - \nNAMMO Sch\u00f6nebeck GmbH\t - \nNatur &amp; Betonstein GmbH Sch\u00f6nebeck\t - \nNotar Uwe Geerhardt\t - \nProf. Adolf Neubauer\t - \nSalzlandkreis\t - \nSalzlandmuseum Sch\u00f6nebeck\t - \nSchirm GmbH Sch\u00f6nebeck\t - \nSchlegel &amp; Vogel Haus u. Anlagentechnik GbR Sch\u00f6nebeck\t - \nSekundarschule \u201eAm Lerchenfeld\u201c Sch\u00f6nebeck\t - \nSINATEC GmbH Sch\u00f6nebeck\t - \nStadtarchiv Sch\u00f6nbeck\t - \nStadtwerke Sch\u00f6nebeck\t - \nSteinmetzbetrieb Meussling Sch\u00f6nebeck OT Pretzien\t - \nTB Engeneering Blechbearbeitung u. Umformtechnik Magdeburg\t - \nTEUTLOFF \u2013 Schulungs-u- Schwei\u00dftechn. Bildung GmbH Sch\u00f6nebeck\t - \nWELTRAD Manufaktur Sch\u00f6nebeck\t - \nWerkzeug Schulze GmbH Sch\u00f6nebeck\n\n\t\t\t\t\t<\/p>\n\t\t\t\t\n\t\t\t<\/div>\n\t\t\t\n\t\t<\/div>\n\t\t\t\t\t\t<\/div>\n\t\t\t\t<\/div>\n\t\t\t\t\t<\/div>\n\t\t<\/div>\n\t\t\t\t\t<\/div>\n\t\t<\/section>\n\t\t\t\t<\/div>\n\t\t","protected":false},"excerpt":{"rendered":"<p>Werde F\u00f6rderer des iMUSEt! Das Industrie- und Kunstmuseum Sch\u00f6nebeck (iMUSEt) stellt die hochbedeutende Industriegeschichte der vorindustriellen Revolution sowie Kunstwerke aus der K\u00fcnstlerstadt in und um Sch\u00f6nebeck ab 1780 bis zur&hellip;<\/p>\n","protected":false},"author":1,"featured_media":3331,"parent":0,"menu_order":0,"comment_status":"closed","ping_status":"closed","template":"","meta":{"_acf_changed":false,"_price":"","_stock":"","_tribe_ticket_header":"","_tribe_default_ticket_provider":"","_tribe_ticket_capacity":"0","_ticket_start_date":"","_ticket_end_date":"","_tribe_ticket_show_description":"","_tribe_ticket_show_not_going":false,"_tribe_ticket_use_global_stock":"","_tribe_ticket_global_stock_level":"","_global_stock_mode":"","_global_stock_cap":"","_tribe_rsvp_for_event":"","_tribe_ticket_going_count":"","_tribe_ticket_not_going_count":"","_tribe_tickets_list":"[]","_tribe_ticket_has_attendee_info_fields":false,"footnotes":""},"class_list":["post-2320","page","type-page","status-publish","has-post-thumbnail","hentry"],"acf":[],"_links":{"self":[{"href":"https:\/\/imuset.de\/en\/wp-json\/wp\/v2\/pages\/2320","targetHints":{"allow":["GET"]}}],"collection":[{"href":"https:\/\/imuset.de\/en\/wp-json\/wp\/v2\/pages"}],"about":[{"href":"https:\/\/imuset.de\/en\/wp-json\/wp\/v2\/types\/page"}],"author":[{"embeddable":true,"href":"https:\/\/imuset.de\/en\/wp-json\/wp\/v2\/users\/1"}],"replies":[{"embeddable":true,"href":"https:\/\/imuset.de\/en\/wp-json\/wp\/v2\/comments?post=2320"}],"version-history":[{"count":51,"href":"https:\/\/imuset.de\/en\/wp-json\/wp\/v2\/pages\/2320\/revisions"}],"predecessor-version":[{"id":9094,"href":"https:\/\/imuset.de\/en\/wp-json\/wp\/v2\/pages\/2320\/revisions\/9094"}],"wp:featuredmedia":[{"embeddable":true,"href":"https:\/\/imuset.de\/en\/wp-json\/wp\/v2\/media\/3331"}],"wp:attachment":[{"href":"https:\/\/imuset.de\/en\/wp-json\/wp\/v2\/media?parent=2320"}],"curies":[{"name":"wp","href":"https:\/\/api.w.org\/{rel}","templated":true}]}}