{"id":2345,"date":"2022-12-07T12:51:31","date_gmt":"2022-12-07T11:51:31","guid":{"rendered":"https:\/\/website.imuset.de\/?page_id=2345"},"modified":"2023-03-13T17:26:24","modified_gmt":"2023-03-13T16:26:24","slug":"ausstellung-industriekultur","status":"publish","type":"page","link":"https:\/\/imuset.de\/en\/ausstellung\/ausstellung-industriekultur\/","title":{"rendered":"Ausstellung Industriekultur"},"content":{"rendered":"\t\t<div data-elementor-type=\"wp-page\" data-elementor-id=\"2345\" class=\"elementor elementor-2345\">\n\t\t\t\t\t\t<section class=\"elementor-section elementor-top-section elementor-element elementor-element-1eb556dc elementor-section-boxed elementor-section-height-default elementor-section-height-default sc_fly_static\" data-id=\"1eb556dc\" data-element_type=\"section\" data-e-type=\"section\">\n\t\t\t\t\t\t<div class=\"elementor-container elementor-column-gap-extended\">\n\t\t\t\t\t<div class=\"elementor-column elementor-col-100 elementor-top-column elementor-element elementor-element-7f691cb5 sc_content_align_inherit sc_layouts_column_icons_position_left sc_fly_static\" data-id=\"7f691cb5\" data-element_type=\"column\" data-e-type=\"column\">\n\t\t\t<div class=\"elementor-widget-wrap elementor-element-populated\">\n\t\t\t\t\t\t<div class=\"elementor-element elementor-element-9fa85c6 sc_fly_static elementor-widget elementor-widget-text-editor\" data-id=\"9fa85c6\" data-element_type=\"widget\" data-e-type=\"widget\" data-widget_type=\"text-editor.default\">\n\t\t\t\t<div class=\"elementor-widget-container\">\n\t\t\t\t\t\t\t\t\t\n<p><\/p>\n\n\n\n<p><\/p>\n\n\n\n<p><\/p>\n\t\t\t\t\t\t\t\t<\/div>\n\t\t\t\t<\/div>\n\t\t\t\t\t<\/div>\n\t\t<\/div>\n\t\t\t\t\t<\/div>\n\t\t<\/section>\n\t\t\t\t<section class=\"elementor-section elementor-top-section elementor-element elementor-element-678b30f elementor-section-boxed elementor-section-height-default elementor-section-height-default sc_fly_static\" data-id=\"678b30f\" data-element_type=\"section\" data-e-type=\"section\">\n\t\t\t\t\t\t<div class=\"elementor-container elementor-column-gap-extended\">\n\t\t\t\t\t<div class=\"elementor-column elementor-col-100 elementor-top-column elementor-element elementor-element-f4a6a2a sc_content_align_inherit sc_layouts_column_icons_position_left sc_fly_static\" data-id=\"f4a6a2a\" data-element_type=\"column\" data-e-type=\"column\">\n\t\t\t<div class=\"elementor-widget-wrap elementor-element-populated\">\n\t\t\t\t\t\t<div class=\"elementor-element elementor-element-4759795 sc_fly_static elementor-widget elementor-widget-heading\" data-id=\"4759795\" data-element_type=\"widget\" data-e-type=\"widget\" data-widget_type=\"heading.default\">\n\t\t\t\t<div class=\"elementor-widget-container\">\n\t\t\t\t\t<h2 class=\"elementor-heading-title elementor-size-default\">Industrielle Revolution in Sch\u00f6nebeck <\/h2>\t\t\t\t<\/div>\n\t\t\t\t<\/div>\n\t\t\t\t\t<\/div>\n\t\t<\/div>\n\t\t\t\t\t<\/div>\n\t\t<\/section>\n\t\t\t\t<section class=\"elementor-section elementor-top-section elementor-element elementor-element-51da547 elementor-section-boxed elementor-section-height-default elementor-section-height-default sc_fly_static\" data-id=\"51da547\" data-element_type=\"section\" data-e-type=\"section\">\n\t\t\t\t\t\t<div class=\"elementor-container elementor-column-gap-extended\">\n\t\t\t\t\t<div class=\"elementor-column elementor-col-66 elementor-top-column elementor-element elementor-element-526e66a sc_content_align_inherit sc_layouts_column_icons_position_left sc_fly_static\" data-id=\"526e66a\" data-element_type=\"column\" data-e-type=\"column\">\n\t\t\t<div class=\"elementor-widget-wrap elementor-element-populated\">\n\t\t\t\t\t\t<div class=\"elementor-element elementor-element-4785eab sc_fly_static elementor-widget elementor-widget-spacer\" data-id=\"4785eab\" data-element_type=\"widget\" data-e-type=\"widget\" data-widget_type=\"spacer.default\">\n\t\t\t\t<div class=\"elementor-widget-container\">\n\t\t\t\t\t\t\t<div class=\"elementor-spacer\">\n\t\t\t<div class=\"elementor-spacer-inner\"><\/div>\n\t\t<\/div>\n\t\t\t\t\t\t<\/div>\n\t\t\t\t<\/div>\n\t\t\t\t\t<\/div>\n\t\t<\/div>\n\t\t\t\t<div class=\"elementor-column elementor-col-33 elementor-top-column elementor-element elementor-element-29433f8 sc_content_align_inherit sc_layouts_column_icons_position_left sc_fly_static\" data-id=\"29433f8\" data-element_type=\"column\" data-e-type=\"column\">\n\t\t\t<div class=\"elementor-widget-wrap\">\n\t\t\t\t\t\t\t<\/div>\n\t\t<\/div>\n\t\t\t\t\t<\/div>\n\t\t<\/section>\n\t\t\t\t<section class=\"elementor-section elementor-top-section elementor-element elementor-element-0ae8071 elementor-section-boxed elementor-section-height-default elementor-section-height-default sc_fly_static\" data-id=\"0ae8071\" data-element_type=\"section\" data-e-type=\"section\">\n\t\t\t\t\t\t<div class=\"elementor-container elementor-column-gap-extended\">\n\t\t\t\t\t<div class=\"elementor-column elementor-col-66 elementor-top-column elementor-element elementor-element-23e1e2b sc_content_align_inherit sc_layouts_column_icons_position_left sc_fly_static\" data-id=\"23e1e2b\" data-element_type=\"column\" data-e-type=\"column\">\n\t\t\t<div class=\"elementor-widget-wrap elementor-element-populated\">\n\t\t\t\t\t\t<div class=\"elementor-element elementor-element-60b78a6 elementor-drop-cap-yes elementor-drop-cap-view-default sc_fly_static elementor-widget elementor-widget-text-editor\" data-id=\"60b78a6\" data-element_type=\"widget\" data-e-type=\"widget\" data-settings=\"{&quot;drop_cap&quot;:&quot;yes&quot;}\" data-widget_type=\"text-editor.default\">\n\t\t\t\t<div class=\"elementor-widget-container\">\n\t\t\t\t\t\t\t\t\t<p>Als 1830 die industrielle Revolution in Deutschland mit einer maschinenunterst\u00fctzten Massenproduktion begann, war Sch\u00f6nebeck schon ein St\u00fcck voraus.<\/p>\n<p>Der Apotheker Hermann startete schon um 1790 mit der ersten chemischen Produktion Deutschlands an der Elbe und zog mit seinen Produkten z.B. auch die erste Z\u00fcndh\u00fctchen-(sp\u00e4ter auch Patronen-) Firma von Sellier &amp; Bellot 1829 nach sich.<\/p>\n<p>In Sch\u00f6nebeck war die Basis f\u00fcr eine Leuchtturmentwicklung der vorindustriellen und industriellen Revolution in Deutschland und der heute bedeutenden Industriekultur gelegt.<\/p>\n<p>Bedeutende Innovatoren und Unternehmer wie<\/p>\n<ul>\n<li>Dr. phil. h. c. Karl Samuel Leberecht <strong>Hermann<\/strong>, K\u00f6nigliche Preu\u00dfische chemische Fabrik<\/li>\n<li>Louis <strong>Sellier<\/strong> und Jean Maria Nicolaus <strong>Bellot<\/strong>, Z\u00fcndh\u00fctchen- u. Patronenfabrik<\/li>\n<li>die Unternehmerfamilie <strong>Allendorff<\/strong>, Brauerei, Ziegelei, Zuckerfabriken, Sprengstoff und Patronenfabrik<\/li>\n<li>Feodor <strong>Siegel<\/strong>, Maschinenfabrik, Eisengie\u00dferei und Kesselschmiede<\/li>\n<\/ul>\n<p>sind heute kaum noch bekannt und werden daher im iMUSEt neben zahlreichen historischen und j\u00fcngeren Exponaten anschaulich pr\u00e4sentiert.<\/p>\t\t\t\t\t\t\t\t<\/div>\n\t\t\t\t<\/div>\n\t\t\t\t\t<\/div>\n\t\t<\/div>\n\t\t\t\t<div class=\"elementor-column elementor-col-33 elementor-top-column elementor-element elementor-element-2df09a2 sc_content_align_inherit sc_layouts_column_icons_position_left sc_fly_static\" data-id=\"2df09a2\" data-element_type=\"column\" data-e-type=\"column\">\n\t\t\t<div class=\"elementor-widget-wrap elementor-element-populated\">\n\t\t\t\t\t\t<div class=\"elementor-element elementor-element-be63160 sc_fly_static elementor-widget elementor-widget-image\" data-id=\"be63160\" data-element_type=\"widget\" data-e-type=\"widget\" data-widget_type=\"image.default\">\n\t\t\t\t<div class=\"elementor-widget-container\">\n\t\t\t\t\t\t\t\t\t\t\t\t\t\t\t<img fetchpriority=\"high\" decoding=\"async\" width=\"640\" height=\"480\" src=\"https:\/\/imuset.de\/wp-content\/uploads\/2023\/02\/Chemie-640x480-1.jpg\" class=\"attachment-large size-large wp-image-3999\" alt=\"\" srcset=\"https:\/\/imuset.de\/wp-content\/uploads\/2023\/02\/Chemie-640x480-1.jpg 640w, https:\/\/imuset.de\/wp-content\/uploads\/2023\/02\/Chemie-640x480-1-300x225.jpg 300w, https:\/\/imuset.de\/wp-content\/uploads\/2023\/02\/Chemie-640x480-1-370x278.jpg 370w, https:\/\/imuset.de\/wp-content\/uploads\/2023\/02\/Chemie-640x480-1-520x390.jpg 520w\" sizes=\"(max-width: 767px) 100vw, 640px\" \/>\t\t\t\t\t\t\t\t\t\t\t\t\t\t\t<\/div>\n\t\t\t\t<\/div>\n\t\t\t\t<div class=\"elementor-element elementor-element-2b701a1 sc_fly_static elementor-widget elementor-widget-image\" data-id=\"2b701a1\" data-element_type=\"widget\" data-e-type=\"widget\" data-widget_type=\"image.default\">\n\t\t\t\t<div class=\"elementor-widget-container\">\n\t\t\t\t\t\t\t\t\t\t\t\t\t\t\t<img decoding=\"async\" width=\"640\" height=\"480\" src=\"https:\/\/imuset.de\/wp-content\/uploads\/2023\/02\/IMG_4812-Mittel.jpeg\" class=\"attachment-large size-large wp-image-3994\" alt=\"\" srcset=\"https:\/\/imuset.de\/wp-content\/uploads\/2023\/02\/IMG_4812-Mittel.jpeg 640w, https:\/\/imuset.de\/wp-content\/uploads\/2023\/02\/IMG_4812-Mittel-300x225.jpeg 300w, https:\/\/imuset.de\/wp-content\/uploads\/2023\/02\/IMG_4812-Mittel-370x278.jpeg 370w, https:\/\/imuset.de\/wp-content\/uploads\/2023\/02\/IMG_4812-Mittel-520x390.jpeg 520w\" sizes=\"(max-width: 767px) 100vw, 640px\" \/>\t\t\t\t\t\t\t\t\t\t\t\t\t\t\t<\/div>\n\t\t\t\t<\/div>\n\t\t\t\t<div class=\"elementor-element elementor-element-aadbf19 elementor-widget__width-inherit sc_layouts_hide_on_wide sc_layouts_hide_on_desktop sc_layouts_hide_on_notebook sc_layouts_hide_on_tablet sc_layouts_hide_on_mobile sc_fly_static elementor-widget elementor-widget-video\" data-id=\"aadbf19\" data-element_type=\"widget\" data-e-type=\"widget\" data-settings=\"{&quot;video_type&quot;:&quot;hosted&quot;,&quot;autoplay&quot;:&quot;yes&quot;,&quot;mute&quot;:&quot;yes&quot;,&quot;loop&quot;:&quot;yes&quot;}\" data-widget_type=\"video.default\">\n\t\t\t\t<div class=\"elementor-widget-container\">\n\t\t\t\t\t\t\t<div class=\"e-hosted-video elementor-wrapper elementor-open-inline\">\n\t\t\t\t\t<video class=\"elementor-video\" src=\"https:\/\/imuset.de\/wp-content\/uploads\/2023\/02\/Quecksilber.mp4\" autoplay=\"\" loop=\"\" muted=\"muted\" controlsList=\"nodownload\"><\/video>\n\t\t\t\t<\/div>\n\t\t\t\t\t\t<\/div>\n\t\t\t\t<\/div>\n\t\t\t\t\t<\/div>\n\t\t<\/div>\n\t\t\t\t\t<\/div>\n\t\t<\/section>\n\t\t\t\t<\/div>\n\t\t","protected":false},"excerpt":{"rendered":"<p>Industrielle Revolution in Sch\u00f6nebeck Als 1830 die industrielle Revolution in Deutschland mit einer maschinenunterst\u00fctzten Massenproduktion begann, war Sch\u00f6nebeck schon ein St\u00fcck voraus. Der Apotheker Hermann startete schon um 1790 mit&hellip;<\/p>\n","protected":false},"author":1,"featured_media":3943,"parent":2306,"menu_order":0,"comment_status":"closed","ping_status":"closed","template":"","meta":{"_acf_changed":false,"_price":"","_stock":"","_tribe_ticket_header":"","_tribe_default_ticket_provider":"","_tribe_ticket_capacity":"0","_ticket_start_date":"","_ticket_end_date":"","_tribe_ticket_show_description":"","_tribe_ticket_show_not_going":false,"_tribe_ticket_use_global_stock":"","_tribe_ticket_global_stock_level":"","_global_stock_mode":"","_global_stock_cap":"","_tribe_rsvp_for_event":"","_tribe_ticket_going_count":"","_tribe_ticket_not_going_count":"","_tribe_tickets_list":"[]","_tribe_ticket_has_attendee_info_fields":false,"footnotes":""},"class_list":["post-2345","page","type-page","status-publish","has-post-thumbnail","hentry"],"acf":[],"_links":{"self":[{"href":"https:\/\/imuset.de\/en\/wp-json\/wp\/v2\/pages\/2345","targetHints":{"allow":["GET"]}}],"collection":[{"href":"https:\/\/imuset.de\/en\/wp-json\/wp\/v2\/pages"}],"about":[{"href":"https:\/\/imuset.de\/en\/wp-json\/wp\/v2\/types\/page"}],"author":[{"embeddable":true,"href":"https:\/\/imuset.de\/en\/wp-json\/wp\/v2\/users\/1"}],"replies":[{"embeddable":true,"href":"https:\/\/imuset.de\/en\/wp-json\/wp\/v2\/comments?post=2345"}],"version-history":[{"count":28,"href":"https:\/\/imuset.de\/en\/wp-json\/wp\/v2\/pages\/2345\/revisions"}],"predecessor-version":[{"id":4981,"href":"https:\/\/imuset.de\/en\/wp-json\/wp\/v2\/pages\/2345\/revisions\/4981"}],"up":[{"embeddable":true,"href":"https:\/\/imuset.de\/en\/wp-json\/wp\/v2\/pages\/2306"}],"wp:featuredmedia":[{"embeddable":true,"href":"https:\/\/imuset.de\/en\/wp-json\/wp\/v2\/media\/3943"}],"wp:attachment":[{"href":"https:\/\/imuset.de\/en\/wp-json\/wp\/v2\/media?parent=2345"}],"curies":[{"name":"wp","href":"https:\/\/api.w.org\/{rel}","templated":true}]}}