{"id":2351,"date":"2022-12-07T12:53:23","date_gmt":"2022-12-07T11:53:23","guid":{"rendered":"https:\/\/website.imuset.de\/?page_id=2351"},"modified":"2023-05-02T22:54:32","modified_gmt":"2023-05-02T20:54:32","slug":"malerei","status":"publish","type":"page","link":"https:\/\/imuset.de\/en\/ausstellung\/muse-kunstausstellung\/malerei\/","title":{"rendered":"Malerei"},"content":{"rendered":"\t\t<div data-elementor-type=\"wp-page\" data-elementor-id=\"2351\" class=\"elementor elementor-2351\">\n\t\t\t\t\t\t<section class=\"elementor-section elementor-top-section elementor-element elementor-element-f8ece47 elementor-section-boxed elementor-section-height-default elementor-section-height-default sc_fly_static\" data-id=\"f8ece47\" data-element_type=\"section\" data-e-type=\"section\">\n\t\t\t\t\t\t<div class=\"elementor-container elementor-column-gap-extended\">\n\t\t\t\t\t<div class=\"elementor-column elementor-col-50 elementor-top-column elementor-element elementor-element-99ceba9 sc_content_align_inherit sc_layouts_column_icons_position_left sc_fly_static\" data-id=\"99ceba9\" data-element_type=\"column\" data-e-type=\"column\">\n\t\t\t<div class=\"elementor-widget-wrap elementor-element-populated\">\n\t\t\t\t\t\t<div class=\"elementor-element elementor-element-24f52e2 sc_fly_static elementor-widget elementor-widget-text-editor\" data-id=\"24f52e2\" data-element_type=\"widget\" data-e-type=\"widget\" data-widget_type=\"text-editor.default\">\n\t\t\t\t<div class=\"elementor-widget-container\">\n\t\t\t\t\t\t\t\t\t<h4>Das iMUSEt m\u00f6chte nicht nur die \u00f6rtliche Industriegeschichte bewahren, sondern auch die daraus hervorgegangene Bildende Kunst und ihre Kunstschaffenden.<\/h4>\t\t\t\t\t\t\t\t<\/div>\n\t\t\t\t<\/div>\n\t\t\t\t\t<\/div>\n\t\t<\/div>\n\t\t\t\t<div class=\"elementor-column elementor-col-50 elementor-top-column elementor-element elementor-element-bed6832 sc_content_align_inherit sc_layouts_column_icons_position_left sc_fly_static\" data-id=\"bed6832\" data-element_type=\"column\" data-e-type=\"column\">\n\t\t\t<div class=\"elementor-widget-wrap elementor-element-populated\">\n\t\t\t\t\t\t<div class=\"elementor-element elementor-element-0950134 sc_fly_static elementor-widget elementor-widget-image\" data-id=\"0950134\" data-element_type=\"widget\" data-e-type=\"widget\" data-widget_type=\"image.default\">\n\t\t\t\t<div class=\"elementor-widget-container\">\n\t\t\t\t\t\t\t\t\t\t\t\t\t\t\t<img fetchpriority=\"high\" decoding=\"async\" width=\"1536\" height=\"1532\" src=\"https:\/\/imuset.de\/wp-content\/uploads\/2023\/03\/2515-2508-max-1536x1532.jpg\" class=\"attachment-1536x1536 size-1536x1536 wp-image-5077\" alt=\"\" srcset=\"https:\/\/imuset.de\/wp-content\/uploads\/2023\/03\/2515-2508-max-1536x1532.jpg 1536w, https:\/\/imuset.de\/wp-content\/uploads\/2023\/03\/2515-2508-max-300x300.jpg 300w, https:\/\/imuset.de\/wp-content\/uploads\/2023\/03\/2515-2508-max-1024x1021.jpg 1024w, https:\/\/imuset.de\/wp-content\/uploads\/2023\/03\/2515-2508-max-150x150.jpg 150w, https:\/\/imuset.de\/wp-content\/uploads\/2023\/03\/2515-2508-max-768x766.jpg 768w, https:\/\/imuset.de\/wp-content\/uploads\/2023\/03\/2515-2508-max-2048x2042.jpg 2048w, https:\/\/imuset.de\/wp-content\/uploads\/2023\/03\/2515-2508-max-370x370.jpg 370w, https:\/\/imuset.de\/wp-content\/uploads\/2023\/03\/2515-2508-max-90x90.jpg 90w, https:\/\/imuset.de\/wp-content\/uploads\/2023\/03\/2515-2508-max-760x758.jpg 760w\" sizes=\"(max-width: 1536px) 100vw, 1536px\" \/>\t\t\t\t\t\t\t\t\t\t\t\t\t\t\t<\/div>\n\t\t\t\t<\/div>\n\t\t\t\t\t<\/div>\n\t\t<\/div>\n\t\t\t\t\t<\/div>\n\t\t<\/section>\n\t\t\t\t<section class=\"elementor-section elementor-top-section elementor-element elementor-element-8001da9 elementor-section-boxed elementor-section-height-default elementor-section-height-default sc_fly_static\" data-id=\"8001da9\" data-element_type=\"section\" data-e-type=\"section\">\n\t\t\t\t\t\t<div class=\"elementor-container elementor-column-gap-extended\">\n\t\t\t\t\t<div class=\"elementor-column elementor-col-50 elementor-top-column elementor-element elementor-element-201c552 sc_content_align_inherit sc_layouts_column_icons_position_left sc_fly_static\" data-id=\"201c552\" data-element_type=\"column\" data-e-type=\"column\">\n\t\t\t<div class=\"elementor-widget-wrap elementor-element-populated\">\n\t\t\t\t\t\t<div class=\"elementor-element elementor-element-fc22f63 sc_fly_static elementor-widget elementor-widget-image\" data-id=\"fc22f63\" data-element_type=\"widget\" data-e-type=\"widget\" data-widget_type=\"image.default\">\n\t\t\t\t<div class=\"elementor-widget-container\">\n\t\t\t\t\t\t\t\t\t\t\t\t\t\t\t<img decoding=\"async\" width=\"1024\" height=\"853\" src=\"https:\/\/imuset.de\/wp-content\/uploads\/2023\/03\/2498-2080-max-1024x853.jpg\" class=\"attachment-large size-large wp-image-5075\" alt=\"\" srcset=\"https:\/\/imuset.de\/wp-content\/uploads\/2023\/03\/2498-2080-max-1024x853.jpg 1024w, https:\/\/imuset.de\/wp-content\/uploads\/2023\/03\/2498-2080-max-300x250.jpg 300w, https:\/\/imuset.de\/wp-content\/uploads\/2023\/03\/2498-2080-max-768x639.jpg 768w, https:\/\/imuset.de\/wp-content\/uploads\/2023\/03\/2498-2080-max-1536x1279.jpg 1536w, https:\/\/imuset.de\/wp-content\/uploads\/2023\/03\/2498-2080-max-2048x1705.jpg 2048w, https:\/\/imuset.de\/wp-content\/uploads\/2023\/03\/2498-2080-max-370x308.jpg 370w, https:\/\/imuset.de\/wp-content\/uploads\/2023\/03\/2498-2080-max-760x633.jpg 760w\" sizes=\"(max-width: 1024px) 100vw, 1024px\" \/>\t\t\t\t\t\t\t\t\t\t\t\t\t\t\t<\/div>\n\t\t\t\t<\/div>\n\t\t\t\t\t<\/div>\n\t\t<\/div>\n\t\t\t\t<div class=\"elementor-column elementor-col-50 elementor-top-column elementor-element elementor-element-b9a7e4f sc_content_align_inherit sc_layouts_column_icons_position_left sc_fly_static\" data-id=\"b9a7e4f\" data-element_type=\"column\" data-e-type=\"column\">\n\t\t\t<div class=\"elementor-widget-wrap elementor-element-populated\">\n\t\t\t\t\t\t<div class=\"elementor-element elementor-element-d8a9b13 sc_fly_static elementor-widget elementor-widget-text-editor\" data-id=\"d8a9b13\" data-element_type=\"widget\" data-e-type=\"widget\" data-widget_type=\"text-editor.default\">\n\t\t\t\t<div class=\"elementor-widget-container\">\n\t\t\t\t\t\t\t\t\t<p>Das Spektrum der Ausstellung \u201eK\u00fcnstlerstadt Sch\u00f6nebeck\u201c beinhaltet die Arbeiten von Malern, Grafikern, Bildhauern, Karikaturisten, Fotografen und einer Restauratorin.<br \/>Die Dauerausstellung \u201eK\u00fcnstlerstadt Sch\u00f6nebeck\u201c zeigt die bis dato wichtigsten bildenden K\u00fcnstler des Altkreises Sch\u00f6nebeck mit je einem Kunstwerk.<br \/>Unter den weltweit bekanntesten K\u00fcnstlern sind Werner T\u00fcbke, Christof Gr\u00fcger und die Heise-Schwestern zu nennen.<\/p><p style=\"text-align: left;\">F\u00fcr noch mehr Anschaulichkeit sorgen Wechselausstellungen in der neuen Aaustellungshalle der Schaltwarte, die bisher f\u00fcr zahlreiche Besucher sorgten.<\/p><p style=\"text-align: left;\"><strong>Die Stadt Sch\u00f6nebeck feiert in diesem Jahr ihren 800. Geburtstag. <\/strong><strong>Eine Sonderausstellung &#8220;Alte Wurzeln und neue Triebe&#8221; erz\u00e4hlt Sch\u00f6nebecker Industriegeschichte.<\/strong><\/p>\t\t\t\t\t\t\t\t<\/div>\n\t\t\t\t<\/div>\n\t\t\t\t\t<\/div>\n\t\t<\/div>\n\t\t\t\t\t<\/div>\n\t\t<\/section>\n\t\t\t\t<section class=\"elementor-section elementor-top-section elementor-element elementor-element-3801992 elementor-section-boxed elementor-section-height-default elementor-section-height-default sc_fly_static\" data-id=\"3801992\" data-element_type=\"section\" data-e-type=\"section\">\n\t\t\t\t\t\t<div class=\"elementor-container elementor-column-gap-extended\">\n\t\t\t\t\t<div class=\"elementor-column elementor-col-50 elementor-top-column elementor-element elementor-element-ed8ba63 sc_content_align_inherit sc_layouts_column_icons_position_left sc_fly_static\" data-id=\"ed8ba63\" data-element_type=\"column\" data-e-type=\"column\">\n\t\t\t<div class=\"elementor-widget-wrap elementor-element-populated\">\n\t\t\t\t\t\t<div class=\"elementor-element elementor-element-03c2c02 sc_fly_static elementor-widget elementor-widget-text-editor\" data-id=\"03c2c02\" data-element_type=\"widget\" data-e-type=\"widget\" data-widget_type=\"text-editor.default\">\n\t\t\t\t<div class=\"elementor-widget-container\">\n\t\t\t\t\t\t\t\t\t<p><strong>TIPP<\/strong><br \/><strong>Dem Besucher steht in der Ausstellung ein Computer zur Verf\u00fcgung. <\/strong><strong>Hier kann er die Lebensgeschichte der einzelnen K\u00fcnstler nachlesen und weitere Werke betrachten.<\/strong><\/p>\t\t\t\t\t\t\t\t<\/div>\n\t\t\t\t<\/div>\n\t\t\t\t\t<\/div>\n\t\t<\/div>\n\t\t\t\t<div class=\"elementor-column elementor-col-50 elementor-top-column elementor-element elementor-element-3e5f774 sc_content_align_inherit sc_layouts_column_icons_position_left sc_fly_static\" data-id=\"3e5f774\" data-element_type=\"column\" data-e-type=\"column\">\n\t\t\t<div class=\"elementor-widget-wrap\">\n\t\t\t\t\t\t\t<\/div>\n\t\t<\/div>\n\t\t\t\t\t<\/div>\n\t\t<\/section>\n\t\t\t\t<\/div>\n\t\t","protected":false},"excerpt":{"rendered":"<p>Das iMUSEt m\u00f6chte nicht nur die \u00f6rtliche Industriegeschichte bewahren, sondern auch die daraus hervorgegangene Bildende Kunst und ihre Kunstschaffenden. Das Spektrum der Ausstellung \u201eK\u00fcnstlerstadt Sch\u00f6nebeck\u201c beinhaltet die Arbeiten von Malern,&hellip;<\/p>\n","protected":false},"author":1,"featured_media":4004,"parent":2347,"menu_order":0,"comment_status":"closed","ping_status":"closed","template":"","meta":{"_acf_changed":false,"_price":"","_stock":"","_tribe_ticket_header":"","_tribe_default_ticket_provider":"","_tribe_ticket_capacity":"0","_ticket_start_date":"","_ticket_end_date":"","_tribe_ticket_show_description":"","_tribe_ticket_show_not_going":false,"_tribe_ticket_use_global_stock":"","_tribe_ticket_global_stock_level":"","_global_stock_mode":"","_global_stock_cap":"","_tribe_rsvp_for_event":"","_tribe_ticket_going_count":"","_tribe_ticket_not_going_count":"","_tribe_tickets_list":"[]","_tribe_ticket_has_attendee_info_fields":false,"footnotes":""},"class_list":["post-2351","page","type-page","status-publish","has-post-thumbnail","hentry"],"acf":[],"_links":{"self":[{"href":"https:\/\/imuset.de\/en\/wp-json\/wp\/v2\/pages\/2351","targetHints":{"allow":["GET"]}}],"collection":[{"href":"https:\/\/imuset.de\/en\/wp-json\/wp\/v2\/pages"}],"about":[{"href":"https:\/\/imuset.de\/en\/wp-json\/wp\/v2\/types\/page"}],"author":[{"embeddable":true,"href":"https:\/\/imuset.de\/en\/wp-json\/wp\/v2\/users\/1"}],"replies":[{"embeddable":true,"href":"https:\/\/imuset.de\/en\/wp-json\/wp\/v2\/comments?post=2351"}],"version-history":[{"count":59,"href":"https:\/\/imuset.de\/en\/wp-json\/wp\/v2\/pages\/2351\/revisions"}],"predecessor-version":[{"id":5999,"href":"https:\/\/imuset.de\/en\/wp-json\/wp\/v2\/pages\/2351\/revisions\/5999"}],"up":[{"embeddable":true,"href":"https:\/\/imuset.de\/en\/wp-json\/wp\/v2\/pages\/2347"}],"wp:featuredmedia":[{"embeddable":true,"href":"https:\/\/imuset.de\/en\/wp-json\/wp\/v2\/media\/4004"}],"wp:attachment":[{"href":"https:\/\/imuset.de\/en\/wp-json\/wp\/v2\/media?parent=2351"}],"curies":[{"name":"wp","href":"https:\/\/api.w.org\/{rel}","templated":true}]}}