{"id":2359,"date":"2022-12-07T12:56:36","date_gmt":"2022-12-07T11:56:36","guid":{"rendered":"https:\/\/website.imuset.de\/?page_id=2359"},"modified":"2023-03-30T23:39:52","modified_gmt":"2023-03-30T21:39:52","slug":"chemie","status":"publish","type":"page","link":"https:\/\/imuset.de\/en\/ausstellung\/ausstellung-industriekultur\/chemie\/","title":{"rendered":"Chemie"},"content":{"rendered":"\t\t<div data-elementor-type=\"wp-page\" data-elementor-id=\"2359\" class=\"elementor elementor-2359\">\n\t\t\t\t\t\t<section class=\"elementor-section elementor-top-section elementor-element elementor-element-407befb elementor-section-boxed elementor-section-height-default elementor-section-height-default sc_fly_static\" data-id=\"407befb\" data-element_type=\"section\" data-e-type=\"section\">\n\t\t\t\t\t\t<div class=\"elementor-container elementor-column-gap-extended\">\n\t\t\t\t\t<div class=\"elementor-column elementor-col-50 elementor-top-column elementor-element elementor-element-e5b5591 sc_content_align_inherit sc_layouts_column_icons_position_left sc_fly_static\" data-id=\"e5b5591\" data-element_type=\"column\" data-e-type=\"column\">\n\t\t\t<div class=\"elementor-widget-wrap elementor-element-populated\">\n\t\t\t\t\t\t<div class=\"elementor-element elementor-element-442fc7b sc_fly_static elementor-widget elementor-widget-image\" data-id=\"442fc7b\" data-element_type=\"widget\" data-e-type=\"widget\" data-widget_type=\"image.default\">\n\t\t\t\t<div class=\"elementor-widget-container\">\n\t\t\t\t\t\t\t\t\t\t\t\t\t\t\t<img fetchpriority=\"high\" decoding=\"async\" width=\"1024\" height=\"768\" src=\"https:\/\/imuset.de\/wp-content\/uploads\/2023\/03\/IMG_3523-entzerrt-1920px-1024x768.png\" class=\"attachment-large size-large wp-image-5002\" alt=\"\" srcset=\"https:\/\/imuset.de\/wp-content\/uploads\/2023\/03\/IMG_3523-entzerrt-1920px-1024x768.png 1024w, https:\/\/imuset.de\/wp-content\/uploads\/2023\/03\/IMG_3523-entzerrt-1920px-300x225.png 300w, https:\/\/imuset.de\/wp-content\/uploads\/2023\/03\/IMG_3523-entzerrt-1920px-768x576.png 768w, https:\/\/imuset.de\/wp-content\/uploads\/2023\/03\/IMG_3523-entzerrt-1920px-1536x1152.png 1536w, https:\/\/imuset.de\/wp-content\/uploads\/2023\/03\/IMG_3523-entzerrt-1920px-370x278.png 370w, https:\/\/imuset.de\/wp-content\/uploads\/2023\/03\/IMG_3523-entzerrt-1920px-520x390.png 520w, https:\/\/imuset.de\/wp-content\/uploads\/2023\/03\/IMG_3523-entzerrt-1920px-760x570.png 760w, https:\/\/imuset.de\/wp-content\/uploads\/2023\/03\/IMG_3523-entzerrt-1920px.png 1920w\" sizes=\"(max-width: 1024px) 100vw, 1024px\" \/>\t\t\t\t\t\t\t\t\t\t\t\t\t\t\t<\/div>\n\t\t\t\t<\/div>\n\t\t\t\t\t<\/div>\n\t\t<\/div>\n\t\t\t\t<div class=\"elementor-column elementor-col-50 elementor-top-column elementor-element elementor-element-929fccd sc_content_align_inherit sc_layouts_column_icons_position_left sc_fly_static\" data-id=\"929fccd\" data-element_type=\"column\" data-e-type=\"column\">\n\t\t\t<div class=\"elementor-widget-wrap elementor-element-populated\">\n\t\t\t\t\t\t<div class=\"elementor-element elementor-element-3d055fd sc_fly_static elementor-widget elementor-widget-text-editor\" data-id=\"3d055fd\" data-element_type=\"widget\" data-e-type=\"widget\" data-widget_type=\"text-editor.default\">\n\t\t\t\t<div class=\"elementor-widget-container\">\n\t\t\t\t\t\t\t\t\t<p>Aus der Not heraus legte ein Apotheker den Grundstein f\u00fcr die Entwicklung der Industriekultur in Sch\u00f6nebeck. Carl Samuel Leberecht Hermann gr\u00fcndete 1797 <strong>die erste und noch heute<\/strong> produzierende chemische Fabrik Deutschlands. Als chemisch wirksamer Apotheker und f\u00fcr Neuerungen aufgeschlossener Gesch\u00e4ftsmann entwickelte Herrmann in seinem Unternehmen, durch eine enge Verkn\u00fcpfung von Wissenschaft und Praxis, neue Fabrikationsmethoden zur Herstellung von chemischen Produkten. In jenen Tagen war er ein gefragter Fachmann und stellte eine Vielzahl seiner F\u00e4higkeiten auch \u00a0in der Theorie unter Beweis \u2026<\/p>\t\t\t\t\t\t\t\t<\/div>\n\t\t\t\t<\/div>\n\t\t\t\t\t<\/div>\n\t\t<\/div>\n\t\t\t\t\t<\/div>\n\t\t<\/section>\n\t\t\t\t<section class=\"elementor-section elementor-top-section elementor-element elementor-element-6bac4f8 elementor-section-boxed elementor-section-height-default elementor-section-height-default sc_fly_static\" data-id=\"6bac4f8\" data-element_type=\"section\" data-e-type=\"section\">\n\t\t\t\t\t\t<div class=\"elementor-container elementor-column-gap-extended\">\n\t\t\t\t\t<div class=\"elementor-column elementor-col-50 elementor-top-column elementor-element elementor-element-9303230 sc_content_align_inherit sc_layouts_column_icons_position_left sc_fly_static\" data-id=\"9303230\" data-element_type=\"column\" data-e-type=\"column\">\n\t\t\t<div class=\"elementor-widget-wrap\">\n\t\t\t\t\t\t\t<\/div>\n\t\t<\/div>\n\t\t\t\t<div class=\"elementor-column elementor-col-50 elementor-top-column elementor-element elementor-element-ac65eea sc_content_align_inherit sc_layouts_column_icons_position_left sc_fly_static\" data-id=\"ac65eea\" data-element_type=\"column\" data-e-type=\"column\">\n\t\t\t<div class=\"elementor-widget-wrap elementor-element-populated\">\n\t\t\t\t\t\t<div class=\"elementor-element elementor-element-9feef0b sc_fly_static elementor-widget elementor-widget-text-editor\" data-id=\"9feef0b\" data-element_type=\"widget\" data-e-type=\"widget\" data-widget_type=\"text-editor.default\">\n\t\t\t\t<div class=\"elementor-widget-container\">\n\t\t\t\t\t\t\t\t\t<p><strong><span style=\"color: #000000;\">TIPP<br \/>In der EMS-Halle des Museums zeigt ein 3-dimensionales Periodensystem der Elemente (fast) alle Elemente im Original, und wo man diese im Alltag wiederfinden kann. Dort findet, in jedem Jahr im Oktober, ein spannungsgeladener <a href=\"https:\/\/imuset.de\/event\/experimentetag-saisonabschluss\/\">Experimente-Nachmittag<\/a> statt.<\/span><\/strong><\/p><p><strong><span style=\"color: #000000;\">Ein Besuch lohnt sich!<\/span><\/strong><\/p>\t\t\t\t\t\t\t\t<\/div>\n\t\t\t\t<\/div>\n\t\t\t\t\t<\/div>\n\t\t<\/div>\n\t\t\t\t\t<\/div>\n\t\t<\/section>\n\t\t\t\t<\/div>\n\t\t","protected":false},"excerpt":{"rendered":"<p>Aus der Not heraus legte ein Apotheker den Grundstein f\u00fcr die Entwicklung der Industriekultur in Sch\u00f6nebeck. Carl Samuel Leberecht Hermann gr\u00fcndete 1797 die erste und noch heute produzierende chemische Fabrik&hellip;<\/p>\n","protected":false},"author":1,"featured_media":4990,"parent":2345,"menu_order":0,"comment_status":"closed","ping_status":"closed","template":"","meta":{"_acf_changed":false,"_price":"","_stock":"","_tribe_ticket_header":"","_tribe_default_ticket_provider":"","_tribe_ticket_capacity":"0","_ticket_start_date":"","_ticket_end_date":"","_tribe_ticket_show_description":"","_tribe_ticket_show_not_going":false,"_tribe_ticket_use_global_stock":"","_tribe_ticket_global_stock_level":"","_global_stock_mode":"","_global_stock_cap":"","_tribe_rsvp_for_event":"","_tribe_ticket_going_count":"","_tribe_ticket_not_going_count":"","_tribe_tickets_list":"[]","_tribe_ticket_has_attendee_info_fields":false,"footnotes":""},"class_list":["post-2359","page","type-page","status-publish","has-post-thumbnail","hentry"],"acf":[],"_links":{"self":[{"href":"https:\/\/imuset.de\/en\/wp-json\/wp\/v2\/pages\/2359","targetHints":{"allow":["GET"]}}],"collection":[{"href":"https:\/\/imuset.de\/en\/wp-json\/wp\/v2\/pages"}],"about":[{"href":"https:\/\/imuset.de\/en\/wp-json\/wp\/v2\/types\/page"}],"author":[{"embeddable":true,"href":"https:\/\/imuset.de\/en\/wp-json\/wp\/v2\/users\/1"}],"replies":[{"embeddable":true,"href":"https:\/\/imuset.de\/en\/wp-json\/wp\/v2\/comments?post=2359"}],"version-history":[{"count":32,"href":"https:\/\/imuset.de\/en\/wp-json\/wp\/v2\/pages\/2359\/revisions"}],"predecessor-version":[{"id":5813,"href":"https:\/\/imuset.de\/en\/wp-json\/wp\/v2\/pages\/2359\/revisions\/5813"}],"up":[{"embeddable":true,"href":"https:\/\/imuset.de\/en\/wp-json\/wp\/v2\/pages\/2345"}],"wp:featuredmedia":[{"embeddable":true,"href":"https:\/\/imuset.de\/en\/wp-json\/wp\/v2\/media\/4990"}],"wp:attachment":[{"href":"https:\/\/imuset.de\/en\/wp-json\/wp\/v2\/media?parent=2359"}],"curies":[{"name":"wp","href":"https:\/\/api.w.org\/{rel}","templated":true}]}}