{"id":5135,"date":"2023-03-19T14:37:24","date_gmt":"2023-03-19T13:37:24","guid":{"rendered":"https:\/\/imuset.de\/?page_id=5135"},"modified":"2023-03-30T23:43:44","modified_gmt":"2023-03-30T21:43:44","slug":"sprengstoffe","status":"publish","type":"page","link":"https:\/\/imuset.de\/en\/ausstellung\/ausstellung-industriekultur\/sprengstoffe\/","title":{"rendered":"Sprengstoffe"},"content":{"rendered":"\t\t<div data-elementor-type=\"wp-page\" data-elementor-id=\"5135\" class=\"elementor elementor-5135\">\n\t\t\t\t\t\t<section class=\"elementor-section elementor-top-section elementor-element elementor-element-039f023 elementor-section-boxed elementor-section-height-default elementor-section-height-default sc_fly_static\" data-id=\"039f023\" data-element_type=\"section\" data-e-type=\"section\">\n\t\t\t\t\t\t<div class=\"elementor-container elementor-column-gap-extended\">\n\t\t\t\t\t<div class=\"elementor-column elementor-col-50 elementor-top-column elementor-element elementor-element-d014248 sc_content_align_inherit sc_layouts_column_icons_position_left sc_fly_static\" data-id=\"d014248\" data-element_type=\"column\" data-e-type=\"column\">\n\t\t\t<div class=\"elementor-widget-wrap elementor-element-populated\">\n\t\t\t\t\t\t<div class=\"elementor-element elementor-element-5d05c93 sc_fly_static elementor-widget elementor-widget-text-editor\" data-id=\"5d05c93\" data-element_type=\"widget\" data-e-type=\"widget\" data-widget_type=\"text-editor.default\">\n\t\t\t\t<div class=\"elementor-widget-container\">\n\t\t\t\t\t\t\t\t\t<p>Die gesch\u00e4ftst\u00fcchtige Unternehmerfamilie <strong>Allendorff<\/strong> gr\u00fcndete, Anfang des 20. Jahrhunderts, eine Sprengstoff- und Patronenfabrik und verdiente sehr viel Geld mit deren Erzeugnissen. Vor dem 1. Weltkrieg \u00fcbernahm die LIGNOSE AG Berlin die Firma und durch die \u00dcbernahme weiterer Firmen erweiterte sich ihre Produktpalette.<br \/>1949 wurde, durch den Zusammenschluss der Sprengstoff- und Patronenfabrik und der Munitionsfirma S&amp;B mit der LIGNOSE AG, der VEB Sprengstoffwerk Sch\u00f6nebeck gegr\u00fcndet.<br \/>Das Spektrum der Produkte umfasste neben Munition und gelant\u00f6sen und pulverf\u00f6rmigen Sprengstoffen auch chemische Erzeugnisse und Konsumg\u00fcter.<\/p><p><strong>Gelant\u00f6se Sprengstoffe aus Sch\u00f6nebeck machten den Bergbau sicherer\u2026<\/strong><\/p>\t\t\t\t\t\t\t\t<\/div>\n\t\t\t\t<\/div>\n\t\t\t\t\t<\/div>\n\t\t<\/div>\n\t\t\t\t<div class=\"elementor-column elementor-col-50 elementor-top-column elementor-element elementor-element-0640aa7 sc_content_align_inherit sc_layouts_column_icons_position_left sc_fly_static\" data-id=\"0640aa7\" data-element_type=\"column\" data-e-type=\"column\">\n\t\t\t<div class=\"elementor-widget-wrap elementor-element-populated\">\n\t\t\t\t\t\t<div class=\"elementor-element elementor-element-a451e9f sc_fly_static elementor-widget elementor-widget-image\" data-id=\"a451e9f\" data-element_type=\"widget\" data-e-type=\"widget\" data-widget_type=\"image.default\">\n\t\t\t\t<div class=\"elementor-widget-container\">\n\t\t\t\t\t\t\t\t\t\t\t\t\t\t\t<img fetchpriority=\"high\" decoding=\"async\" width=\"1024\" height=\"678\" src=\"https:\/\/imuset.de\/wp-content\/uploads\/2023\/03\/MAX_5253-1024x678.jpg\" class=\"attachment-large size-large wp-image-5140\" alt=\"\" srcset=\"https:\/\/imuset.de\/wp-content\/uploads\/2023\/03\/MAX_5253-1024x678.jpg 1024w, https:\/\/imuset.de\/wp-content\/uploads\/2023\/03\/MAX_5253-300x199.jpg 300w, https:\/\/imuset.de\/wp-content\/uploads\/2023\/03\/MAX_5253-768x509.jpg 768w, https:\/\/imuset.de\/wp-content\/uploads\/2023\/03\/MAX_5253-1536x1018.jpg 1536w, https:\/\/imuset.de\/wp-content\/uploads\/2023\/03\/MAX_5253-370x245.jpg 370w, https:\/\/imuset.de\/wp-content\/uploads\/2023\/03\/MAX_5253-760x504.jpg 760w, https:\/\/imuset.de\/wp-content\/uploads\/2023\/03\/MAX_5253.jpg 2000w\" sizes=\"(max-width: 1024px) 100vw, 1024px\" \/>\t\t\t\t\t\t\t\t\t\t\t\t\t\t\t<\/div>\n\t\t\t\t<\/div>\n\t\t\t\t\t<\/div>\n\t\t<\/div>\n\t\t\t\t\t<\/div>\n\t\t<\/section>\n\t\t\t\t<section class=\"elementor-section elementor-top-section elementor-element elementor-element-71aa816 elementor-section-boxed elementor-section-height-default elementor-section-height-default sc_fly_static\" data-id=\"71aa816\" data-element_type=\"section\" data-e-type=\"section\">\n\t\t\t\t\t\t<div class=\"elementor-container elementor-column-gap-extended\">\n\t\t\t\t\t<div class=\"elementor-column elementor-col-50 elementor-top-column elementor-element elementor-element-e1dd3f0 sc_content_align_inherit sc_layouts_column_icons_position_left sc_fly_static\" data-id=\"e1dd3f0\" data-element_type=\"column\" data-e-type=\"column\">\n\t\t\t<div class=\"elementor-widget-wrap\">\n\t\t\t\t\t\t\t<\/div>\n\t\t<\/div>\n\t\t\t\t<div class=\"elementor-column elementor-col-50 elementor-top-column elementor-element elementor-element-64e5986 sc_content_align_inherit sc_layouts_column_icons_position_left sc_fly_static\" data-id=\"64e5986\" data-element_type=\"column\" data-e-type=\"column\">\n\t\t\t<div class=\"elementor-widget-wrap elementor-element-populated\">\n\t\t\t\t\t\t<div class=\"elementor-element elementor-element-b59a34e sc_fly_static elementor-widget elementor-widget-text-editor\" data-id=\"b59a34e\" data-element_type=\"widget\" data-e-type=\"widget\" data-widget_type=\"text-editor.default\">\n\t\t\t\t<div class=\"elementor-widget-container\">\n\t\t\t\t\t\t\t\t\t<p><strong>TIPP<\/strong><br \/><strong>Erleben Sie am <a href=\"https:\/\/imuset.de\/event\/experimentetag-saisonabschluss\/\">Experimentetag im iMUSEt<\/a> eine spannungsgeladene Demonstration von Sprengstoffen, Munition und historischen Schusswaffen.<\/strong><\/p>\t\t\t\t\t\t\t\t<\/div>\n\t\t\t\t<\/div>\n\t\t\t\t\t<\/div>\n\t\t<\/div>\n\t\t\t\t\t<\/div>\n\t\t<\/section>\n\t\t\t\t<\/div>\n\t\t","protected":false},"excerpt":{"rendered":"<p>Die gesch\u00e4ftst\u00fcchtige Unternehmerfamilie Allendorff gr\u00fcndete, Anfang des 20. Jahrhunderts, eine Sprengstoff- und Patronenfabrik und verdiente sehr viel Geld mit deren Erzeugnissen. Vor dem 1. Weltkrieg \u00fcbernahm die LIGNOSE AG Berlin&hellip;<\/p>\n","protected":false},"author":3,"featured_media":5160,"parent":2345,"menu_order":0,"comment_status":"closed","ping_status":"closed","template":"","meta":{"_acf_changed":false,"_price":"","_stock":"","_tribe_ticket_header":"","_tribe_default_ticket_provider":"","_tribe_ticket_capacity":"0","_ticket_start_date":"","_ticket_end_date":"","_tribe_ticket_show_description":"","_tribe_ticket_show_not_going":false,"_tribe_ticket_use_global_stock":"","_tribe_ticket_global_stock_level":"","_global_stock_mode":"","_global_stock_cap":"","_tribe_rsvp_for_event":"","_tribe_ticket_going_count":"","_tribe_ticket_not_going_count":"","_tribe_tickets_list":"[]","_tribe_ticket_has_attendee_info_fields":false,"footnotes":""},"class_list":["post-5135","page","type-page","status-publish","has-post-thumbnail","hentry"],"acf":[],"_links":{"self":[{"href":"https:\/\/imuset.de\/en\/wp-json\/wp\/v2\/pages\/5135","targetHints":{"allow":["GET"]}}],"collection":[{"href":"https:\/\/imuset.de\/en\/wp-json\/wp\/v2\/pages"}],"about":[{"href":"https:\/\/imuset.de\/en\/wp-json\/wp\/v2\/types\/page"}],"author":[{"embeddable":true,"href":"https:\/\/imuset.de\/en\/wp-json\/wp\/v2\/users\/3"}],"replies":[{"embeddable":true,"href":"https:\/\/imuset.de\/en\/wp-json\/wp\/v2\/comments?post=5135"}],"version-history":[{"count":54,"href":"https:\/\/imuset.de\/en\/wp-json\/wp\/v2\/pages\/5135\/revisions"}],"predecessor-version":[{"id":5816,"href":"https:\/\/imuset.de\/en\/wp-json\/wp\/v2\/pages\/5135\/revisions\/5816"}],"up":[{"embeddable":true,"href":"https:\/\/imuset.de\/en\/wp-json\/wp\/v2\/pages\/2345"}],"wp:featuredmedia":[{"embeddable":true,"href":"https:\/\/imuset.de\/en\/wp-json\/wp\/v2\/media\/5160"}],"wp:attachment":[{"href":"https:\/\/imuset.de\/en\/wp-json\/wp\/v2\/media?parent=5135"}],"curies":[{"name":"wp","href":"https:\/\/api.w.org\/{rel}","templated":true}]}}