{"id":5168,"date":"2023-03-19T17:06:25","date_gmt":"2023-03-19T16:06:25","guid":{"rendered":"https:\/\/imuset.de\/?page_id=5168"},"modified":"2023-03-31T01:25:42","modified_gmt":"2023-03-30T23:25:42","slug":"fahrzeuge","status":"publish","type":"page","link":"https:\/\/imuset.de\/en\/ausstellung\/ausstellung-industriekultur\/fahrzeuge\/","title":{"rendered":"Fahrzeuge"},"content":{"rendered":"\t\t<div data-elementor-type=\"wp-page\" data-elementor-id=\"5168\" class=\"elementor elementor-5168\">\n\t\t\t\t\t\t<section class=\"elementor-section elementor-top-section elementor-element elementor-element-bdfbb97 elementor-section-boxed elementor-section-height-default elementor-section-height-default sc_fly_static\" data-id=\"bdfbb97\" data-element_type=\"section\" data-e-type=\"section\">\n\t\t\t\t\t\t<div class=\"elementor-container elementor-column-gap-extended\">\n\t\t\t\t\t<div class=\"elementor-column elementor-col-50 elementor-top-column elementor-element elementor-element-c65f73c sc_inner_width_1_1 sc_layouts_column_icons_position_right sc_content_align_inherit sc_fly_static\" data-id=\"c65f73c\" data-element_type=\"column\" data-e-type=\"column\">\n\t\t\t<div class=\"elementor-widget-wrap elementor-element-populated\">\n\t\t\t\t\t\t<div class=\"elementor-element elementor-element-46cc749 sc_fly_static elementor-widget elementor-widget-image\" data-id=\"46cc749\" data-element_type=\"widget\" data-e-type=\"widget\" data-widget_type=\"image.default\">\n\t\t\t\t<div class=\"elementor-widget-container\">\n\t\t\t\t\t\t\t\t\t\t\t\t\t\t\t<img fetchpriority=\"high\" decoding=\"async\" width=\"600\" height=\"428\" src=\"https:\/\/imuset.de\/wp-content\/uploads\/2023\/03\/Siegel-600px-1.jpg\" class=\"attachment-large size-large wp-image-5907\" alt=\"\" srcset=\"https:\/\/imuset.de\/wp-content\/uploads\/2023\/03\/Siegel-600px-1.jpg 600w, https:\/\/imuset.de\/wp-content\/uploads\/2023\/03\/Siegel-600px-1-300x214.jpg 300w, https:\/\/imuset.de\/wp-content\/uploads\/2023\/03\/Siegel-600px-1-370x264.jpg 370w\" sizes=\"(max-width: 767px) 100vw, 600px\" \/>\t\t\t\t\t\t\t\t\t\t\t\t\t\t\t<\/div>\n\t\t\t\t<\/div>\n\t\t\t\t\t<\/div>\n\t\t<\/div>\n\t\t\t\t<div class=\"elementor-column elementor-col-50 elementor-top-column elementor-element elementor-element-9a3027c sc_content_align_inherit sc_layouts_column_icons_position_left sc_fly_static\" data-id=\"9a3027c\" data-element_type=\"column\" data-e-type=\"column\">\n\t\t\t<div class=\"elementor-widget-wrap elementor-element-populated\">\n\t\t\t\t\t\t<div class=\"elementor-element elementor-element-f8544e8 sc_fly_static elementor-widget elementor-widget-text-editor\" data-id=\"f8544e8\" data-element_type=\"widget\" data-e-type=\"widget\" data-widget_type=\"text-editor.default\">\n\t\t\t\t<div class=\"elementor-widget-container\">\n\t\t\t\t\t\t\t\t\t<p>Die reichhaltige Geschichte des Fahrzeugbaus in Sch\u00f6nebeck beginnt 1868 mit der Gr\u00fcndung des Unternehmens <strong>Feodor Siegel<\/strong> als Maschinenfabrik, Eisengie\u00dferei und Kesselschmiede.<br \/>1906 wurden auf der internationalen<br \/>Automobilausstellung von Berlin erstmals hochmoderne Fahrzeuge vorgestellt und von 1907 bis 1911 in Serie produziert.<br \/><strong>Die Markennamen lauteten Siegel und WMW &#8211; kurz f\u00fcr Waren-Motor-Wagen, \u00a0und der \u201ePhoeton\u201c war der modernste PKW um 1910.<u><br \/><\/u><\/strong>In den 80ziger Jahren des 19. Jhdt wurde die Firma Hoyer &amp; Glahn \u2013 eine elektrotechnische Werkstatt &#8211; gegr\u00fcndet, und diese legte den Grundstein f\u00fcr die sp\u00e4tere Firma Weltrad und Metall-Industrie Sch\u00f6nebeck.<strong><u><br \/><\/u><\/strong>Die FAMO-Werke hatten 1945 die Produktion von Traktoren in die Junkers-Werke nach Sch\u00f6nebeck verlagert, welche nach dem Krieg demontiert wurden.<\/p><p>FAMO begann dann auf diesem Gel\u00e4nde mit der Entwicklung und Produktion von Fahrzeugen f\u00fcr die Landwirtschaft.<br \/>Nach weiteren Umstrukturierungen und Firmenfusionen wurde das Traktorenwerk Sch\u00f6nebeck gegr\u00fcndet, welches ab Mitte der 60er Jahre der alleinige Hersteller von Traktoren in der DDR war.<br \/><strong>Die Traktoren RA-08, RS-09, ZT 300 und ZT 303 sind legend\u00e4r.<u><br \/><\/u><\/strong>Der bedeutende Fahrzeugbau von Sch\u00f6nebeck wird durch das Dieselmotorenwerk Sch\u00f6nebeck erg\u00e4nzt.<\/p><p><strong>Hier entstand u.a. der erste <\/strong><strong>Bio-Dieselmotor Deutschlands.<\/strong><\/p>\t\t\t\t\t\t\t\t<\/div>\n\t\t\t\t<\/div>\n\t\t\t\t\t<\/div>\n\t\t<\/div>\n\t\t\t\t\t<\/div>\n\t\t<\/section>\n\t\t\t\t<section class=\"elementor-section elementor-top-section elementor-element elementor-element-2e0bb4f elementor-section-boxed elementor-section-height-default elementor-section-height-default sc_fly_static\" data-id=\"2e0bb4f\" data-element_type=\"section\" data-e-type=\"section\">\n\t\t\t\t\t\t<div class=\"elementor-container elementor-column-gap-extended\">\n\t\t\t\t\t<div class=\"elementor-column elementor-col-50 elementor-top-column elementor-element elementor-element-5c33b5e sc_content_align_inherit sc_layouts_column_icons_position_left sc_fly_static\" data-id=\"5c33b5e\" data-element_type=\"column\" data-e-type=\"column\">\n\t\t\t<div class=\"elementor-widget-wrap elementor-element-populated\">\n\t\t\t\t\t\t<div class=\"elementor-element elementor-element-23b5fa9 sc_fly_static elementor-widget elementor-widget-image\" data-id=\"23b5fa9\" data-element_type=\"widget\" data-e-type=\"widget\" data-widget_type=\"image.default\">\n\t\t\t\t<div class=\"elementor-widget-container\">\n\t\t\t\t\t\t\t\t\t\t\t\t\t\t\t<img decoding=\"async\" width=\"1024\" height=\"678\" src=\"https:\/\/imuset.de\/wp-content\/uploads\/2023\/03\/MAX_5278-1024x678.jpg\" class=\"attachment-large size-large wp-image-5909\" alt=\"\" srcset=\"https:\/\/imuset.de\/wp-content\/uploads\/2023\/03\/MAX_5278-1024x678.jpg 1024w, https:\/\/imuset.de\/wp-content\/uploads\/2023\/03\/MAX_5278-300x199.jpg 300w, https:\/\/imuset.de\/wp-content\/uploads\/2023\/03\/MAX_5278-768x509.jpg 768w, https:\/\/imuset.de\/wp-content\/uploads\/2023\/03\/MAX_5278-1536x1018.jpg 1536w, https:\/\/imuset.de\/wp-content\/uploads\/2023\/03\/MAX_5278-370x245.jpg 370w, https:\/\/imuset.de\/wp-content\/uploads\/2023\/03\/MAX_5278-760x504.jpg 760w, https:\/\/imuset.de\/wp-content\/uploads\/2023\/03\/MAX_5278.jpg 2000w\" sizes=\"(max-width: 1024px) 100vw, 1024px\" \/>\t\t\t\t\t\t\t\t\t\t\t\t\t\t\t<\/div>\n\t\t\t\t<\/div>\n\t\t\t\t\t<\/div>\n\t\t<\/div>\n\t\t\t\t<div class=\"elementor-column elementor-col-50 elementor-top-column elementor-element elementor-element-4556e8d sc_content_align_inherit sc_layouts_column_icons_position_left sc_fly_static\" data-id=\"4556e8d\" data-element_type=\"column\" data-e-type=\"column\">\n\t\t\t<div class=\"elementor-widget-wrap elementor-element-populated\">\n\t\t\t\t\t\t<div class=\"elementor-element elementor-element-caeda64 sc_fly_static elementor-widget elementor-widget-text-editor\" data-id=\"caeda64\" data-element_type=\"widget\" data-e-type=\"widget\" data-widget_type=\"text-editor.default\">\n\t\t\t\t<div class=\"elementor-widget-container\">\n\t\t\t\t\t\t\t\t\t<p><strong>TIPP<\/strong><\/p><p><strong>Einmal im Jahr treffen sich Traktoren- und Fahrzeugbegeisterte, Sammler und Bastler im iMUSEt, um zu sehen und gesehen zu werden.<\/strong><br \/><strong>Das <a href=\"https:\/\/imuset.de\/event\/das-imuset-herbstfest-der-fahrzeugtechnik\/\">Trekkertreffen<\/a> zieht Gross und Klein aus allen Teilen des Landes in seinen Bann.<\/strong><\/p>\t\t\t\t\t\t\t\t<\/div>\n\t\t\t\t<\/div>\n\t\t\t\t\t<\/div>\n\t\t<\/div>\n\t\t\t\t\t<\/div>\n\t\t<\/section>\n\t\t\t\t<\/div>\n\t\t","protected":false},"excerpt":{"rendered":"<p>Die reichhaltige Geschichte des Fahrzeugbaus in Sch\u00f6nebeck beginnt 1868 mit der Gr\u00fcndung des Unternehmens Feodor Siegel als Maschinenfabrik, Eisengie\u00dferei und Kesselschmiede.1906 wurden auf der internationalenAutomobilausstellung von Berlin erstmals hochmoderne Fahrzeuge&hellip;<\/p>\n","protected":false},"author":3,"featured_media":5358,"parent":2345,"menu_order":0,"comment_status":"closed","ping_status":"closed","template":"","meta":{"_acf_changed":false,"_price":"","_stock":"","_tribe_ticket_header":"","_tribe_default_ticket_provider":"","_tribe_ticket_capacity":"0","_ticket_start_date":"","_ticket_end_date":"","_tribe_ticket_show_description":"","_tribe_ticket_show_not_going":false,"_tribe_ticket_use_global_stock":"","_tribe_ticket_global_stock_level":"","_global_stock_mode":"","_global_stock_cap":"","_tribe_rsvp_for_event":"","_tribe_ticket_going_count":"","_tribe_ticket_not_going_count":"","_tribe_tickets_list":"[]","_tribe_ticket_has_attendee_info_fields":false,"footnotes":""},"class_list":["post-5168","page","type-page","status-publish","has-post-thumbnail","hentry"],"acf":[],"_links":{"self":[{"href":"https:\/\/imuset.de\/en\/wp-json\/wp\/v2\/pages\/5168","targetHints":{"allow":["GET"]}}],"collection":[{"href":"https:\/\/imuset.de\/en\/wp-json\/wp\/v2\/pages"}],"about":[{"href":"https:\/\/imuset.de\/en\/wp-json\/wp\/v2\/types\/page"}],"author":[{"embeddable":true,"href":"https:\/\/imuset.de\/en\/wp-json\/wp\/v2\/users\/3"}],"replies":[{"embeddable":true,"href":"https:\/\/imuset.de\/en\/wp-json\/wp\/v2\/comments?post=5168"}],"version-history":[{"count":72,"href":"https:\/\/imuset.de\/en\/wp-json\/wp\/v2\/pages\/5168\/revisions"}],"predecessor-version":[{"id":5919,"href":"https:\/\/imuset.de\/en\/wp-json\/wp\/v2\/pages\/5168\/revisions\/5919"}],"up":[{"embeddable":true,"href":"https:\/\/imuset.de\/en\/wp-json\/wp\/v2\/pages\/2345"}],"wp:featuredmedia":[{"embeddable":true,"href":"https:\/\/imuset.de\/en\/wp-json\/wp\/v2\/media\/5358"}],"wp:attachment":[{"href":"https:\/\/imuset.de\/en\/wp-json\/wp\/v2\/media?parent=5168"}],"curies":[{"name":"wp","href":"https:\/\/api.w.org\/{rel}","templated":true}]}}