{"id":5205,"date":"2023-03-19T19:09:11","date_gmt":"2023-03-19T18:09:11","guid":{"rendered":"https:\/\/imuset.de\/?page_id=5205"},"modified":"2023-04-07T10:42:54","modified_gmt":"2023-04-07T08:42:54","slug":"heinz-bormann-der-rote-dior-des-ostens","status":"publish","type":"page","link":"https:\/\/imuset.de\/en\/ausstellung\/ausstellung-industriekultur\/heinz-bormann-der-rote-dior-des-ostens\/","title":{"rendered":"Heinz Bormann &#8211; der Rote Dior des Ostens"},"content":{"rendered":"\t\t<div data-elementor-type=\"wp-page\" data-elementor-id=\"5205\" class=\"elementor elementor-5205\">\n\t\t\t\t\t\t<section class=\"elementor-section elementor-top-section elementor-element elementor-element-1154604 elementor-section-boxed elementor-section-height-default elementor-section-height-default sc_fly_static\" data-id=\"1154604\" data-element_type=\"section\" data-e-type=\"section\">\n\t\t\t\t\t\t<div class=\"elementor-container elementor-column-gap-extended\">\n\t\t\t\t\t<div class=\"elementor-column elementor-col-50 elementor-top-column elementor-element elementor-element-1448516 sc_content_align_inherit sc_layouts_column_icons_position_left sc_fly_static\" data-id=\"1448516\" data-element_type=\"column\" data-e-type=\"column\">\n\t\t\t<div class=\"elementor-widget-wrap elementor-element-populated\">\n\t\t\t\t\t\t<div class=\"elementor-element elementor-element-d07ff9a sc_fly_static elementor-widget elementor-widget-text-editor\" data-id=\"d07ff9a\" data-element_type=\"widget\" data-e-type=\"widget\" data-widget_type=\"text-editor.default\">\n\t\t\t\t<div class=\"elementor-widget-container\">\n\t\t\t\t\t\t\t\t\t<p style=\"text-align: left;\">Mode, Musik und Mannequins \u00a0&#8211; unter diesem Motto fand im Sommer 2015\u00a0die 1. Bormann-Modenschau im iMUSEt statt.<\/p><p style=\"text-align: left;\"><strong>Mode im Industriemuseum<\/strong>?<\/p><p style=\"text-align: left;\">Warum nicht &#8211; Heinz Bormann, ein Sohn der Stadt, schrieb in Sch\u00f6nebeck<strong> nach dem 2. Weltkrieg\u00a0<\/strong>Industriegeschichte und brachte somit in den\u00a050er und 60er Jahren<strong> f\u00fcr die DDR <\/strong>internationale Anerkennung in der Modewelt.\u00a0Eine Erfolgsstory &#8211; denn zu Beginn der 1950er Jahre geh\u00f6rte sein Unternehmen zu den gr\u00f6\u00dften der DDR.<br \/>Eine illustre Kundschaft,\u00a0wie die als total bieder verschriene Ehegattin von Walter Ulbricht Lotte kaufte bei Bormann genauso ein, wie ber\u00fchmte K\u00fcnstler, ranghohe Wissenschaftler und die Kost\u00fcmabteilung der DEFA.<br \/>Der \u201eBormann-Look\u201c brachte einen Hauch von westlicher Eleganz in die Welt des Arbeiter\u2013 und Bauernstaates.<\/p>\t\t\t\t\t\t\t\t<\/div>\n\t\t\t\t<\/div>\n\t\t\t\t\t<\/div>\n\t\t<\/div>\n\t\t\t\t<div class=\"elementor-column elementor-col-50 elementor-top-column elementor-element elementor-element-7ef5e3c sc_content_align_inherit sc_layouts_column_icons_position_left sc_fly_static\" data-id=\"7ef5e3c\" data-element_type=\"column\" data-e-type=\"column\">\n\t\t\t<div class=\"elementor-widget-wrap elementor-element-populated\">\n\t\t\t\t\t\t<div class=\"elementor-element elementor-element-b73a957 sc_fly_static elementor-widget elementor-widget-image\" data-id=\"b73a957\" data-element_type=\"widget\" data-e-type=\"widget\" data-widget_type=\"image.default\">\n\t\t\t\t<div class=\"elementor-widget-container\">\n\t\t\t\t\t\t\t\t\t\t\t\t\t\t\t<img fetchpriority=\"high\" decoding=\"async\" width=\"1024\" height=\"684\" src=\"https:\/\/imuset.de\/wp-content\/uploads\/2023\/03\/DSC_0166-1024x684.jpg\" class=\"attachment-large size-large wp-image-5215\" alt=\"\" srcset=\"https:\/\/imuset.de\/wp-content\/uploads\/2023\/03\/DSC_0166-1024x684.jpg 1024w, https:\/\/imuset.de\/wp-content\/uploads\/2023\/03\/DSC_0166-300x201.jpg 300w, https:\/\/imuset.de\/wp-content\/uploads\/2023\/03\/DSC_0166-768x513.jpg 768w, https:\/\/imuset.de\/wp-content\/uploads\/2023\/03\/DSC_0166-1536x1027.jpg 1536w, https:\/\/imuset.de\/wp-content\/uploads\/2023\/03\/DSC_0166-2048x1369.jpg 2048w, https:\/\/imuset.de\/wp-content\/uploads\/2023\/03\/DSC_0166-370x247.jpg 370w, https:\/\/imuset.de\/wp-content\/uploads\/2023\/03\/DSC_0166-760x508.jpg 760w\" sizes=\"(max-width: 1024px) 100vw, 1024px\" \/>\t\t\t\t\t\t\t\t\t\t\t\t\t\t\t<\/div>\n\t\t\t\t<\/div>\n\t\t\t\t\t<\/div>\n\t\t<\/div>\n\t\t\t\t\t<\/div>\n\t\t<\/section>\n\t\t\t\t<section class=\"elementor-section elementor-top-section elementor-element elementor-element-c3aa2c3 elementor-section-boxed elementor-section-height-default elementor-section-height-default sc_fly_static\" data-id=\"c3aa2c3\" data-element_type=\"section\" data-e-type=\"section\">\n\t\t\t\t\t\t<div class=\"elementor-container elementor-column-gap-extended\">\n\t\t\t\t\t<div class=\"elementor-column elementor-col-50 elementor-top-column elementor-element elementor-element-08f6d11 sc_content_align_inherit sc_layouts_column_icons_position_left sc_fly_static\" data-id=\"08f6d11\" data-element_type=\"column\" data-e-type=\"column\">\n\t\t\t<div class=\"elementor-widget-wrap elementor-element-populated\">\n\t\t\t\t\t\t<div class=\"elementor-element elementor-element-9636f47 sc_fly_static elementor-widget elementor-widget-image\" data-id=\"9636f47\" data-element_type=\"widget\" data-e-type=\"widget\" data-widget_type=\"image.default\">\n\t\t\t\t<div class=\"elementor-widget-container\">\n\t\t\t\t\t\t\t\t\t\t\t\t\t\t\t<img decoding=\"async\" width=\"1024\" height=\"684\" src=\"https:\/\/imuset.de\/wp-content\/uploads\/2023\/03\/DSC_0141-2-1024x684.jpg\" class=\"attachment-large size-large wp-image-5217\" alt=\"\" srcset=\"https:\/\/imuset.de\/wp-content\/uploads\/2023\/03\/DSC_0141-2-1024x684.jpg 1024w, https:\/\/imuset.de\/wp-content\/uploads\/2023\/03\/DSC_0141-2-300x201.jpg 300w, https:\/\/imuset.de\/wp-content\/uploads\/2023\/03\/DSC_0141-2-768x513.jpg 768w, https:\/\/imuset.de\/wp-content\/uploads\/2023\/03\/DSC_0141-2-1536x1027.jpg 1536w, https:\/\/imuset.de\/wp-content\/uploads\/2023\/03\/DSC_0141-2-2048x1369.jpg 2048w, https:\/\/imuset.de\/wp-content\/uploads\/2023\/03\/DSC_0141-2-370x247.jpg 370w, https:\/\/imuset.de\/wp-content\/uploads\/2023\/03\/DSC_0141-2-760x508.jpg 760w\" sizes=\"(max-width: 1024px) 100vw, 1024px\" \/>\t\t\t\t\t\t\t\t\t\t\t\t\t\t\t<\/div>\n\t\t\t\t<\/div>\n\t\t\t\t\t<\/div>\n\t\t<\/div>\n\t\t\t\t<div class=\"elementor-column elementor-col-50 elementor-top-column elementor-element elementor-element-becf6a3 sc_content_align_inherit sc_layouts_column_icons_position_left sc_fly_static\" data-id=\"becf6a3\" data-element_type=\"column\" data-e-type=\"column\">\n\t\t\t<div class=\"elementor-widget-wrap elementor-element-populated\">\n\t\t\t\t\t\t<div class=\"elementor-element elementor-element-5d069a9 sc_fly_static elementor-widget elementor-widget-text-editor\" data-id=\"5d069a9\" data-element_type=\"widget\" data-e-type=\"widget\" data-widget_type=\"text-editor.default\">\n\t\t\t\t<div class=\"elementor-widget-container\">\n\t\t\t\t\t\t\t\t\t<p style=\"text-align: left;\">Der 27\u2013j\u00e4hrige Heinz Bormann gr\u00fcndete\u00a0im Herbst 1945 einen Konfektionsbetrieb in Sch\u00f6nebeck.In den Tr\u00fcmmern der Textilfirma seines Schwiegervaters fand er 11 N\u00e4hmaschinen &#8211;\u00a0diese wurden sein Startkapital.<br \/>Auf dem Hinterhof eines ehemaligen M\u00f6belhauses begann er mit seiner Frau Johanna, einer N\u00e4herin, seine Erfolgsstory als\u00a0<strong>\u201eRoter Dior des Ostens\u201c<\/strong> zu schreiben.<\/p><p style=\"text-align: left;\">Sp\u00e4ter ist er in der DDR einer der ersten, der professionelle Mannequins auf den Laufsteg schickt. Das war damals\u00a0<strong>in der Ost-Modelandschaft<\/strong> eine Sensation \u2026<\/p>\t\t\t\t\t\t\t\t<\/div>\n\t\t\t\t<\/div>\n\t\t\t\t\t<\/div>\n\t\t<\/div>\n\t\t\t\t\t<\/div>\n\t\t<\/section>\n\t\t\t\t<section class=\"elementor-section elementor-top-section elementor-element elementor-element-bf0a769 elementor-section-boxed elementor-section-height-default elementor-section-height-default sc_fly_static\" data-id=\"bf0a769\" data-element_type=\"section\" data-e-type=\"section\">\n\t\t\t\t\t\t<div class=\"elementor-container elementor-column-gap-extended\">\n\t\t\t\t\t<div class=\"elementor-column elementor-col-50 elementor-top-column elementor-element elementor-element-87f9830 sc_content_align_inherit sc_layouts_column_icons_position_left sc_fly_static\" data-id=\"87f9830\" data-element_type=\"column\" data-e-type=\"column\">\n\t\t\t<div class=\"elementor-widget-wrap elementor-element-populated\">\n\t\t\t\t\t\t<div class=\"elementor-element elementor-element-2d40af2 sc_fly_static elementor-widget elementor-widget-text-editor\" data-id=\"2d40af2\" data-element_type=\"widget\" data-e-type=\"widget\" data-widget_type=\"text-editor.default\">\n\t\t\t\t<div class=\"elementor-widget-container\">\n\t\t\t\t\t\t\t\t\t<p><strong>TIPP<\/strong><\/p><p><strong>Einmal im Jahr veranstaltet iMUSEt eine bunte und spritzige <a href=\"https:\/\/imuset.de\/event\/modenschau\/\">Event\u2013Modenschau<\/a>.\u00a0Auf dem Laufsteg werden modische Highlights der Vergangenheit wie Bormann-Modelle und Mode\u00a0der Gegenwart dargeboten und so manche \u00dcberraschung pr\u00e4sentiert \u2026<\/strong><\/p>\t\t\t\t\t\t\t\t<\/div>\n\t\t\t\t<\/div>\n\t\t\t\t\t<\/div>\n\t\t<\/div>\n\t\t\t\t<div class=\"elementor-column elementor-col-50 elementor-top-column elementor-element elementor-element-ffddce1 sc_content_align_inherit sc_layouts_column_icons_position_left sc_fly_static\" data-id=\"ffddce1\" data-element_type=\"column\" data-e-type=\"column\">\n\t\t\t<div class=\"elementor-widget-wrap elementor-element-populated\">\n\t\t\t\t\t\t<div class=\"elementor-element elementor-element-adac6a1 sc_fly_static elementor-widget elementor-widget-image\" data-id=\"adac6a1\" data-element_type=\"widget\" data-e-type=\"widget\" data-widget_type=\"image.default\">\n\t\t\t\t<div class=\"elementor-widget-container\">\n\t\t\t\t\t\t\t\t\t\t\t\t\t\t\t<img decoding=\"async\" width=\"663\" height=\"1024\" src=\"https:\/\/imuset.de\/wp-content\/uploads\/2023\/04\/Aushang-663x1024.jpg\" class=\"attachment-large size-large wp-image-5930\" alt=\"\" srcset=\"https:\/\/imuset.de\/wp-content\/uploads\/2023\/04\/Aushang-663x1024.jpg 663w, https:\/\/imuset.de\/wp-content\/uploads\/2023\/04\/Aushang-194x300.jpg 194w, https:\/\/imuset.de\/wp-content\/uploads\/2023\/04\/Aushang-768x1187.jpg 768w, https:\/\/imuset.de\/wp-content\/uploads\/2023\/04\/Aushang-994x1536.jpg 994w, https:\/\/imuset.de\/wp-content\/uploads\/2023\/04\/Aushang-1325x2048.jpg 1325w, https:\/\/imuset.de\/wp-content\/uploads\/2023\/04\/Aushang-370x572.jpg 370w, https:\/\/imuset.de\/wp-content\/uploads\/2023\/04\/Aushang-760x1174.jpg 760w, https:\/\/imuset.de\/wp-content\/uploads\/2023\/04\/Aushang-scaled.jpg 1657w\" sizes=\"(max-width: 767px) 100vw, 663px\" \/>\t\t\t\t\t\t\t\t\t\t\t\t\t\t\t<\/div>\n\t\t\t\t<\/div>\n\t\t\t\t\t<\/div>\n\t\t<\/div>\n\t\t\t\t\t<\/div>\n\t\t<\/section>\n\t\t\t\t<\/div>\n\t\t","protected":false},"excerpt":{"rendered":"<p>Mode, Musik und Mannequins \u00a0&#8211; unter diesem Motto fand im Sommer 2015\u00a0die 1. Bormann-Modenschau im iMUSEt statt. Mode im Industriemuseum? Warum nicht &#8211; Heinz Bormann, ein Sohn der Stadt, schrieb&hellip;<\/p>\n","protected":false},"author":3,"featured_media":5209,"parent":2345,"menu_order":0,"comment_status":"closed","ping_status":"closed","template":"","meta":{"_acf_changed":false,"_price":"","_stock":"","_tribe_ticket_header":"","_tribe_default_ticket_provider":"","_tribe_ticket_capacity":"0","_ticket_start_date":"","_ticket_end_date":"","_tribe_ticket_show_description":"","_tribe_ticket_show_not_going":false,"_tribe_ticket_use_global_stock":"","_tribe_ticket_global_stock_level":"","_global_stock_mode":"","_global_stock_cap":"","_tribe_rsvp_for_event":"","_tribe_ticket_going_count":"","_tribe_ticket_not_going_count":"","_tribe_tickets_list":"[]","_tribe_ticket_has_attendee_info_fields":false,"footnotes":""},"class_list":["post-5205","page","type-page","status-publish","has-post-thumbnail","hentry"],"acf":[],"_links":{"self":[{"href":"https:\/\/imuset.de\/en\/wp-json\/wp\/v2\/pages\/5205","targetHints":{"allow":["GET"]}}],"collection":[{"href":"https:\/\/imuset.de\/en\/wp-json\/wp\/v2\/pages"}],"about":[{"href":"https:\/\/imuset.de\/en\/wp-json\/wp\/v2\/types\/page"}],"author":[{"embeddable":true,"href":"https:\/\/imuset.de\/en\/wp-json\/wp\/v2\/users\/3"}],"replies":[{"embeddable":true,"href":"https:\/\/imuset.de\/en\/wp-json\/wp\/v2\/comments?post=5205"}],"version-history":[{"count":95,"href":"https:\/\/imuset.de\/en\/wp-json\/wp\/v2\/pages\/5205\/revisions"}],"predecessor-version":[{"id":5935,"href":"https:\/\/imuset.de\/en\/wp-json\/wp\/v2\/pages\/5205\/revisions\/5935"}],"up":[{"embeddable":true,"href":"https:\/\/imuset.de\/en\/wp-json\/wp\/v2\/pages\/2345"}],"wp:featuredmedia":[{"embeddable":true,"href":"https:\/\/imuset.de\/en\/wp-json\/wp\/v2\/media\/5209"}],"wp:attachment":[{"href":"https:\/\/imuset.de\/en\/wp-json\/wp\/v2\/media?parent=5205"}],"curies":[{"name":"wp","href":"https:\/\/api.w.org\/{rel}","templated":true}]}}