{"id":5392,"date":"2023-03-22T17:34:18","date_gmt":"2023-03-22T16:34:18","guid":{"rendered":"https:\/\/imuset.de\/?page_id=5392"},"modified":"2023-03-31T01:34:26","modified_gmt":"2023-03-30T23:34:26","slug":"giesserei","status":"publish","type":"page","link":"https:\/\/imuset.de\/en\/ausstellung\/ausstellung-industriekultur\/giesserei\/","title":{"rendered":"Gie\u00dferei"},"content":{"rendered":"\t\t<div data-elementor-type=\"wp-page\" data-elementor-id=\"5392\" class=\"elementor elementor-5392\">\n\t\t\t\t\t\t<section class=\"elementor-section elementor-top-section elementor-element elementor-element-58568b9 elementor-section-boxed elementor-section-height-default elementor-section-height-default sc_fly_static\" data-id=\"58568b9\" data-element_type=\"section\" data-e-type=\"section\">\n\t\t\t\t\t\t<div class=\"elementor-container elementor-column-gap-extended\">\n\t\t\t\t\t<div class=\"elementor-column elementor-col-50 elementor-top-column elementor-element elementor-element-0bfb4ed sc_content_align_inherit sc_layouts_column_icons_position_left sc_fly_static\" data-id=\"0bfb4ed\" data-element_type=\"column\" data-e-type=\"column\">\n\t\t\t<div class=\"elementor-widget-wrap elementor-element-populated\">\n\t\t\t\t\t\t<div class=\"elementor-element elementor-element-757e940 sc_fly_static elementor-widget elementor-widget-text-editor\" data-id=\"757e940\" data-element_type=\"widget\" data-e-type=\"widget\" data-widget_type=\"text-editor.default\">\n\t\t\t\t<div class=\"elementor-widget-container\">\n\t\t\t\t\t\t\t\t\t<p>1902 begann die Gro\u00dfproduktion von Heizk\u00f6rpern in Sch\u00f6nebeck.<br \/>Die Nationale Radiator Gesellschaft mbH (NARAG),\u00a0<strong>die erste Amerikanische Aktiengesellschaft auf deutschem Boden,\u00a0<\/strong>stellte u.a. Wasserkessel, Dampfkessel und K\u00fcchenherde her.<\/p><p>Die Sammlung im Museum beinhaltet fast alle Typen der entwickelten Heizkessel.\u00a0Der letzte gasbeheizte Kessel ist real an eine Gasleitung angeschlossen und betriebsf\u00e4hig.<\/p><p>Eine Auswahl von Heizk\u00f6rpern, die in einem Zweigbetrieb in Thale produziert wurden, macht die Sammlung vollst\u00e4ndig.<\/p><p><strong>Heizkessel f\u00fcr die gesamte DDR kamen aus Sch\u00f6nebeck,\u00a0<\/strong><strong>bis 1968 auch Radiatoren (Heizk\u00f6rper).\u00a0<\/strong><strong>Das Heizkesselwerk in der Paulstra\u00dfe war ein Vorzeigebetrieb der DDR und seit 1969 ein VEB (Volkseigener Betrieb).<\/strong><\/p><p>1994 schloss ein Insolvenzverfahren das Betriebstor der NARAG f\u00fcr alle Zeiten.<\/p><p>Eine kleine Auswahl von Heizkesseln finden Sie in der Ausstellungshalle.<\/p>\t\t\t\t\t\t\t\t<\/div>\n\t\t\t\t<\/div>\n\t\t\t\t\t<\/div>\n\t\t<\/div>\n\t\t\t\t<div class=\"elementor-column elementor-col-50 elementor-top-column elementor-element elementor-element-f7fa4a4 sc_content_align_inherit sc_layouts_column_icons_position_left sc_fly_static\" data-id=\"f7fa4a4\" data-element_type=\"column\" data-e-type=\"column\">\n\t\t\t<div class=\"elementor-widget-wrap elementor-element-populated\">\n\t\t\t\t\t\t<div class=\"elementor-element elementor-element-b8ea77b sc_fly_static elementor-widget elementor-widget-image\" data-id=\"b8ea77b\" data-element_type=\"widget\" data-e-type=\"widget\" data-widget_type=\"image.default\">\n\t\t\t\t<div class=\"elementor-widget-container\">\n\t\t\t\t\t\t\t\t\t\t\t\t\t\t\t<img fetchpriority=\"high\" decoding=\"async\" width=\"684\" height=\"1024\" src=\"https:\/\/imuset.de\/wp-content\/uploads\/2023\/03\/Giesserei-684x1024.jpg\" class=\"attachment-large size-large wp-image-5403\" alt=\"\" srcset=\"https:\/\/imuset.de\/wp-content\/uploads\/2023\/03\/Giesserei-684x1024.jpg 684w, https:\/\/imuset.de\/wp-content\/uploads\/2023\/03\/Giesserei-201x300.jpg 201w, https:\/\/imuset.de\/wp-content\/uploads\/2023\/03\/Giesserei-768x1149.jpg 768w, https:\/\/imuset.de\/wp-content\/uploads\/2023\/03\/Giesserei-1027x1536.jpg 1027w, https:\/\/imuset.de\/wp-content\/uploads\/2023\/03\/Giesserei-1369x2048.jpg 1369w, https:\/\/imuset.de\/wp-content\/uploads\/2023\/03\/Giesserei-370x554.jpg 370w, https:\/\/imuset.de\/wp-content\/uploads\/2023\/03\/Giesserei-760x1137.jpg 760w, https:\/\/imuset.de\/wp-content\/uploads\/2023\/03\/Giesserei-scaled.jpg 1711w\" sizes=\"(max-width: 767px) 100vw, 684px\" \/>\t\t\t\t\t\t\t\t\t\t\t\t\t\t\t<\/div>\n\t\t\t\t<\/div>\n\t\t\t\t\t<\/div>\n\t\t<\/div>\n\t\t\t\t\t<\/div>\n\t\t<\/section>\n\t\t\t\t<section class=\"elementor-section elementor-top-section elementor-element elementor-element-18fca63 elementor-section-boxed elementor-section-height-default elementor-section-height-default sc_fly_static\" data-id=\"18fca63\" data-element_type=\"section\" data-e-type=\"section\">\n\t\t\t\t\t\t<div class=\"elementor-container elementor-column-gap-extended\">\n\t\t\t\t\t<div class=\"elementor-column elementor-col-50 elementor-top-column elementor-element elementor-element-2d63d2a sc_content_align_inherit sc_layouts_column_icons_position_left sc_fly_static\" data-id=\"2d63d2a\" data-element_type=\"column\" data-e-type=\"column\">\n\t\t\t<div class=\"elementor-widget-wrap elementor-element-populated\">\n\t\t\t\t\t\t<div class=\"elementor-element elementor-element-ecb2f9c sc_fly_static elementor-widget elementor-widget-image\" data-id=\"ecb2f9c\" data-element_type=\"widget\" data-e-type=\"widget\" data-widget_type=\"image.default\">\n\t\t\t\t<div class=\"elementor-widget-container\">\n\t\t\t\t\t\t\t\t\t\t\t\t\t\t\t<img decoding=\"async\" width=\"1024\" height=\"678\" src=\"https:\/\/imuset.de\/wp-content\/uploads\/2023\/03\/MAX_5112-1-1024x678.jpg\" class=\"attachment-large size-large wp-image-5922\" alt=\"\" srcset=\"https:\/\/imuset.de\/wp-content\/uploads\/2023\/03\/MAX_5112-1-1024x678.jpg 1024w, https:\/\/imuset.de\/wp-content\/uploads\/2023\/03\/MAX_5112-1-300x199.jpg 300w, https:\/\/imuset.de\/wp-content\/uploads\/2023\/03\/MAX_5112-1-768x509.jpg 768w, https:\/\/imuset.de\/wp-content\/uploads\/2023\/03\/MAX_5112-1-1536x1018.jpg 1536w, https:\/\/imuset.de\/wp-content\/uploads\/2023\/03\/MAX_5112-1-370x245.jpg 370w, https:\/\/imuset.de\/wp-content\/uploads\/2023\/03\/MAX_5112-1-760x504.jpg 760w, https:\/\/imuset.de\/wp-content\/uploads\/2023\/03\/MAX_5112-1.jpg 2000w\" sizes=\"(max-width: 1024px) 100vw, 1024px\" \/>\t\t\t\t\t\t\t\t\t\t\t\t\t\t\t<\/div>\n\t\t\t\t<\/div>\n\t\t\t\t\t<\/div>\n\t\t<\/div>\n\t\t\t\t<div class=\"elementor-column elementor-col-50 elementor-top-column elementor-element elementor-element-631ce7b sc_content_align_inherit sc_layouts_column_icons_position_left sc_fly_static\" data-id=\"631ce7b\" data-element_type=\"column\" data-e-type=\"column\">\n\t\t\t<div class=\"elementor-widget-wrap elementor-element-populated\">\n\t\t\t\t\t\t<div class=\"elementor-element elementor-element-afe97f6 sc_fly_static elementor-widget elementor-widget-text-editor\" data-id=\"afe97f6\" data-element_type=\"widget\" data-e-type=\"widget\" data-widget_type=\"text-editor.default\">\n\t\t\t\t<div class=\"elementor-widget-container\">\n\t\t\t\t\t\t\t\t\t<p><strong>TIPP<\/strong><\/p><p><strong>Jedes Jahr beendet der <a href=\"https:\/\/imuset.de\/event\/experimentetag-saisonabschluss\/\">Experimentetag<\/a> die Saison im iMUSEt.<\/strong><br \/><strong>Dazu geh\u00f6rt auch die Fertigung eines Guss-St\u00fcckes im Miniaturma\u00dfstab.<\/strong><br \/><strong>Gro\u00dfe und kleine Leute staunen &#8211; ein Besuch lohnt sich jedes Jahr!<\/strong><\/p>\t\t\t\t\t\t\t\t<\/div>\n\t\t\t\t<\/div>\n\t\t\t\t\t<\/div>\n\t\t<\/div>\n\t\t\t\t\t<\/div>\n\t\t<\/section>\n\t\t\t\t<\/div>\n\t\t","protected":false},"excerpt":{"rendered":"<p>1902 begann die Gro\u00dfproduktion von Heizk\u00f6rpern in Sch\u00f6nebeck.Die Nationale Radiator Gesellschaft mbH (NARAG),\u00a0die erste Amerikanische Aktiengesellschaft auf deutschem Boden,\u00a0stellte u.a. Wasserkessel, Dampfkessel und K\u00fcchenherde her. Die Sammlung im Museum beinhaltet&hellip;<\/p>\n","protected":false},"author":3,"featured_media":5484,"parent":2345,"menu_order":0,"comment_status":"closed","ping_status":"closed","template":"","meta":{"_acf_changed":false,"_price":"","_stock":"","_tribe_ticket_header":"","_tribe_default_ticket_provider":"","_tribe_ticket_capacity":"0","_ticket_start_date":"","_ticket_end_date":"","_tribe_ticket_show_description":"","_tribe_ticket_show_not_going":false,"_tribe_ticket_use_global_stock":"","_tribe_ticket_global_stock_level":"","_global_stock_mode":"","_global_stock_cap":"","_tribe_rsvp_for_event":"","_tribe_ticket_going_count":"","_tribe_ticket_not_going_count":"","_tribe_tickets_list":"[]","_tribe_ticket_has_attendee_info_fields":false,"footnotes":""},"class_list":["post-5392","page","type-page","status-publish","has-post-thumbnail","hentry"],"acf":[],"_links":{"self":[{"href":"https:\/\/imuset.de\/en\/wp-json\/wp\/v2\/pages\/5392","targetHints":{"allow":["GET"]}}],"collection":[{"href":"https:\/\/imuset.de\/en\/wp-json\/wp\/v2\/pages"}],"about":[{"href":"https:\/\/imuset.de\/en\/wp-json\/wp\/v2\/types\/page"}],"author":[{"embeddable":true,"href":"https:\/\/imuset.de\/en\/wp-json\/wp\/v2\/users\/3"}],"replies":[{"embeddable":true,"href":"https:\/\/imuset.de\/en\/wp-json\/wp\/v2\/comments?post=5392"}],"version-history":[{"count":96,"href":"https:\/\/imuset.de\/en\/wp-json\/wp\/v2\/pages\/5392\/revisions"}],"predecessor-version":[{"id":5926,"href":"https:\/\/imuset.de\/en\/wp-json\/wp\/v2\/pages\/5392\/revisions\/5926"}],"up":[{"embeddable":true,"href":"https:\/\/imuset.de\/en\/wp-json\/wp\/v2\/pages\/2345"}],"wp:featuredmedia":[{"embeddable":true,"href":"https:\/\/imuset.de\/en\/wp-json\/wp\/v2\/media\/5484"}],"wp:attachment":[{"href":"https:\/\/imuset.de\/en\/wp-json\/wp\/v2\/media?parent=5392"}],"curies":[{"name":"wp","href":"https:\/\/api.w.org\/{rel}","templated":true}]}}