{"id":5557,"date":"2023-03-24T13:57:46","date_gmt":"2023-03-24T12:57:46","guid":{"rendered":"https:\/\/imuset.de\/?page_id=5557"},"modified":"2023-03-31T00:55:57","modified_gmt":"2023-03-30T22:55:57","slug":"munition-produktion","status":"publish","type":"page","link":"https:\/\/imuset.de\/en\/ausstellung\/ausstellung-industriekultur\/munition-produktion\/","title":{"rendered":"Munition &#8211; Produktion"},"content":{"rendered":"\t\t<div data-elementor-type=\"wp-page\" data-elementor-id=\"5557\" class=\"elementor elementor-5557\">\n\t\t\t\t\t\t<section class=\"elementor-section elementor-top-section elementor-element elementor-element-6121e83 elementor-section-boxed elementor-section-height-default elementor-section-height-default sc_fly_static\" data-id=\"6121e83\" data-element_type=\"section\" data-e-type=\"section\">\n\t\t\t\t\t\t<div class=\"elementor-container elementor-column-gap-extended\">\n\t\t\t\t\t<div class=\"elementor-column elementor-col-50 elementor-top-column elementor-element elementor-element-f0d5539 sc_content_align_inherit sc_layouts_column_icons_position_left sc_fly_static\" data-id=\"f0d5539\" data-element_type=\"column\" data-e-type=\"column\">\n\t\t\t<div class=\"elementor-widget-wrap elementor-element-populated\">\n\t\t\t\t\t\t<div class=\"elementor-element elementor-element-96760ba sc_fly_static elementor-widget elementor-widget-image\" data-id=\"96760ba\" data-element_type=\"widget\" data-e-type=\"widget\" data-widget_type=\"image.default\">\n\t\t\t\t<div class=\"elementor-widget-container\">\n\t\t\t\t\t\t\t\t\t\t\t\t\t\t\t<img fetchpriority=\"high\" decoding=\"async\" width=\"1024\" height=\"691\" src=\"https:\/\/imuset.de\/wp-content\/uploads\/2023\/03\/Munition-1-1024x691.jpg\" class=\"attachment-large size-large wp-image-5558\" alt=\"\" srcset=\"https:\/\/imuset.de\/wp-content\/uploads\/2023\/03\/Munition-1-1024x691.jpg 1024w, https:\/\/imuset.de\/wp-content\/uploads\/2023\/03\/Munition-1-300x203.jpg 300w, https:\/\/imuset.de\/wp-content\/uploads\/2023\/03\/Munition-1-768x519.jpg 768w, https:\/\/imuset.de\/wp-content\/uploads\/2023\/03\/Munition-1-1536x1037.jpg 1536w, https:\/\/imuset.de\/wp-content\/uploads\/2023\/03\/Munition-1-2048x1383.jpg 2048w, https:\/\/imuset.de\/wp-content\/uploads\/2023\/03\/Munition-1-370x250.jpg 370w, https:\/\/imuset.de\/wp-content\/uploads\/2023\/03\/Munition-1-760x513.jpg 760w\" sizes=\"(max-width: 1024px) 100vw, 1024px\" \/>\t\t\t\t\t\t\t\t\t\t\t\t\t\t\t<\/div>\n\t\t\t\t<\/div>\n\t\t\t\t\t<\/div>\n\t\t<\/div>\n\t\t\t\t<div class=\"elementor-column elementor-col-50 elementor-top-column elementor-element elementor-element-0ec8e26 sc_content_align_inherit sc_layouts_column_icons_position_left sc_fly_static\" data-id=\"0ec8e26\" data-element_type=\"column\" data-e-type=\"column\">\n\t\t\t<div class=\"elementor-widget-wrap elementor-element-populated\">\n\t\t\t\t\t\t<div class=\"elementor-element elementor-element-5e83083 sc_fly_static elementor-widget elementor-widget-text-editor\" data-id=\"5e83083\" data-element_type=\"widget\" data-e-type=\"widget\" data-widget_type=\"text-editor.default\">\n\t\t\t\t<div class=\"elementor-widget-container\">\n\t\t\t\t\t\t\t\t\t<p>Die Schwergewichte einer Munitionsfertigung des VEB Sprengstoffwerkes Sch\u00f6nebeck k\u00f6nnen Sie im hinteren Teil der Ausstellungshalle besichtigen. Sie werden Teile einer Schrotpatronenh\u00fclsenfertigung, eine komplette, mit allen Arbeitsstationen ausgestattete Schrotpatronen-lademaschine sowie eine Kontrollmaschine kennenlernen.Eine Spezialmaschine zur Herstellung gro\u00dfer Schrotkugeln erg\u00e4nzt die Sammlung.<\/p><p><strong>Derartige Produktionsmaschinen sind in einem Museum weltweit einmalig.<\/strong><\/p>\t\t\t\t\t\t\t\t<\/div>\n\t\t\t\t<\/div>\n\t\t\t\t\t<\/div>\n\t\t<\/div>\n\t\t\t\t\t<\/div>\n\t\t<\/section>\n\t\t\t\t<section class=\"elementor-section elementor-top-section elementor-element elementor-element-38cb5be elementor-section-boxed elementor-section-height-default elementor-section-height-default sc_fly_static\" data-id=\"38cb5be\" data-element_type=\"section\" data-e-type=\"section\">\n\t\t\t\t\t\t<div class=\"elementor-container elementor-column-gap-extended\">\n\t\t\t\t\t<div class=\"elementor-column elementor-col-50 elementor-top-column elementor-element elementor-element-19e31a3 sc_content_align_inherit sc_layouts_column_icons_position_left sc_fly_static\" data-id=\"19e31a3\" data-element_type=\"column\" data-e-type=\"column\">\n\t\t\t<div class=\"elementor-widget-wrap elementor-element-populated\">\n\t\t\t\t\t\t<div class=\"elementor-element elementor-element-83222fb sc_fly_static elementor-widget elementor-widget-image\" data-id=\"83222fb\" data-element_type=\"widget\" data-e-type=\"widget\" data-widget_type=\"image.default\">\n\t\t\t\t<div class=\"elementor-widget-container\">\n\t\t\t\t\t\t\t\t\t\t\t\t<figure class=\"wp-caption\">\n\t\t\t\t\t\t\t\t\t\t<img decoding=\"async\" width=\"768\" height=\"432\" src=\"https:\/\/imuset.de\/wp-content\/uploads\/2023\/03\/20230325_101416-768x432.jpg\" class=\"attachment-medium_large size-medium_large wp-image-5613\" alt=\"\" srcset=\"https:\/\/imuset.de\/wp-content\/uploads\/2023\/03\/20230325_101416-768x432.jpg 768w, https:\/\/imuset.de\/wp-content\/uploads\/2023\/03\/20230325_101416-300x169.jpg 300w, https:\/\/imuset.de\/wp-content\/uploads\/2023\/03\/20230325_101416-1024x576.jpg 1024w, https:\/\/imuset.de\/wp-content\/uploads\/2023\/03\/20230325_101416-1536x864.jpg 1536w, https:\/\/imuset.de\/wp-content\/uploads\/2023\/03\/20230325_101416-2048x1152.jpg 2048w, https:\/\/imuset.de\/wp-content\/uploads\/2023\/03\/20230325_101416-370x208.jpg 370w, https:\/\/imuset.de\/wp-content\/uploads\/2023\/03\/20230325_101416-1170x658.jpg 1170w, https:\/\/imuset.de\/wp-content\/uploads\/2023\/03\/20230325_101416-760x428.jpg 760w, https:\/\/imuset.de\/wp-content\/uploads\/2023\/03\/20230325_101416-270x152.jpg 270w\" sizes=\"(max-width: 768px) 100vw, 768px\" \/>\t\t\t\t\t\t\t\t\t\t\t<figcaption class=\"widget-image-caption wp-caption-text\">Ehem. Betriebsbeschriftung<\/figcaption>\n\t\t\t\t\t\t\t\t\t\t<\/figure>\n\t\t\t\t\t\t\t\t\t<\/div>\n\t\t\t\t<\/div>\n\t\t\t\t\t<\/div>\n\t\t<\/div>\n\t\t\t\t<div class=\"elementor-column elementor-col-50 elementor-top-column elementor-element elementor-element-1609ec3 sc_content_align_inherit sc_layouts_column_icons_position_left sc_fly_static\" data-id=\"1609ec3\" data-element_type=\"column\" data-e-type=\"column\">\n\t\t\t<div class=\"elementor-widget-wrap elementor-element-populated\">\n\t\t\t\t\t\t<div class=\"elementor-element elementor-element-0ea927d sc_fly_static elementor-widget elementor-widget-image\" data-id=\"0ea927d\" data-element_type=\"widget\" data-e-type=\"widget\" data-widget_type=\"image.default\">\n\t\t\t\t<div class=\"elementor-widget-container\">\n\t\t\t\t\t\t\t\t\t\t\t\t<figure class=\"wp-caption\">\n\t\t\t\t\t\t\t\t\t\t<img decoding=\"async\" width=\"1024\" height=\"576\" src=\"https:\/\/imuset.de\/wp-content\/uploads\/2023\/03\/20230325_101606-1024x576.jpg\" class=\"attachment-large size-large wp-image-5604\" alt=\"\" srcset=\"https:\/\/imuset.de\/wp-content\/uploads\/2023\/03\/20230325_101606-1024x576.jpg 1024w, https:\/\/imuset.de\/wp-content\/uploads\/2023\/03\/20230325_101606-300x169.jpg 300w, https:\/\/imuset.de\/wp-content\/uploads\/2023\/03\/20230325_101606-768x432.jpg 768w, https:\/\/imuset.de\/wp-content\/uploads\/2023\/03\/20230325_101606-1536x864.jpg 1536w, https:\/\/imuset.de\/wp-content\/uploads\/2023\/03\/20230325_101606-2048x1152.jpg 2048w, https:\/\/imuset.de\/wp-content\/uploads\/2023\/03\/20230325_101606-370x208.jpg 370w, https:\/\/imuset.de\/wp-content\/uploads\/2023\/03\/20230325_101606-1170x658.jpg 1170w, https:\/\/imuset.de\/wp-content\/uploads\/2023\/03\/20230325_101606-760x428.jpg 760w, https:\/\/imuset.de\/wp-content\/uploads\/2023\/03\/20230325_101606-270x152.jpg 270w\" sizes=\"(max-width: 1024px) 100vw, 1024px\" \/>\t\t\t\t\t\t\t\t\t\t\t<figcaption class=\"widget-image-caption wp-caption-text\">Schrot-Transportwagen<\/figcaption>\n\t\t\t\t\t\t\t\t\t\t<\/figure>\n\t\t\t\t\t\t\t\t\t<\/div>\n\t\t\t\t<\/div>\n\t\t\t\t\t<\/div>\n\t\t<\/div>\n\t\t\t\t\t<\/div>\n\t\t<\/section>\n\t\t\t\t<\/div>\n\t\t","protected":false},"excerpt":{"rendered":"<p>Die Schwergewichte einer Munitionsfertigung des VEB Sprengstoffwerkes Sch\u00f6nebeck k\u00f6nnen Sie im hinteren Teil der Ausstellungshalle besichtigen. Sie werden Teile einer Schrotpatronenh\u00fclsenfertigung, eine komplette, mit allen Arbeitsstationen ausgestattete Schrotpatronen-lademaschine sowie eine&hellip;<\/p>\n","protected":false},"author":3,"featured_media":5584,"parent":2345,"menu_order":0,"comment_status":"closed","ping_status":"closed","template":"","meta":{"_acf_changed":false,"_price":"","_stock":"","_tribe_ticket_header":"","_tribe_default_ticket_provider":"","_tribe_ticket_capacity":"0","_ticket_start_date":"","_ticket_end_date":"","_tribe_ticket_show_description":"","_tribe_ticket_show_not_going":false,"_tribe_ticket_use_global_stock":"","_tribe_ticket_global_stock_level":"","_global_stock_mode":"","_global_stock_cap":"","_tribe_rsvp_for_event":"","_tribe_ticket_going_count":"","_tribe_ticket_not_going_count":"","_tribe_tickets_list":"[]","_tribe_ticket_has_attendee_info_fields":false,"footnotes":""},"class_list":["post-5557","page","type-page","status-publish","has-post-thumbnail","hentry"],"acf":[],"_links":{"self":[{"href":"https:\/\/imuset.de\/en\/wp-json\/wp\/v2\/pages\/5557","targetHints":{"allow":["GET"]}}],"collection":[{"href":"https:\/\/imuset.de\/en\/wp-json\/wp\/v2\/pages"}],"about":[{"href":"https:\/\/imuset.de\/en\/wp-json\/wp\/v2\/types\/page"}],"author":[{"embeddable":true,"href":"https:\/\/imuset.de\/en\/wp-json\/wp\/v2\/users\/3"}],"replies":[{"embeddable":true,"href":"https:\/\/imuset.de\/en\/wp-json\/wp\/v2\/comments?post=5557"}],"version-history":[{"count":66,"href":"https:\/\/imuset.de\/en\/wp-json\/wp\/v2\/pages\/5557\/revisions"}],"predecessor-version":[{"id":5889,"href":"https:\/\/imuset.de\/en\/wp-json\/wp\/v2\/pages\/5557\/revisions\/5889"}],"up":[{"embeddable":true,"href":"https:\/\/imuset.de\/en\/wp-json\/wp\/v2\/pages\/2345"}],"wp:featuredmedia":[{"embeddable":true,"href":"https:\/\/imuset.de\/en\/wp-json\/wp\/v2\/media\/5584"}],"wp:attachment":[{"href":"https:\/\/imuset.de\/en\/wp-json\/wp\/v2\/media?parent=5557"}],"curies":[{"name":"wp","href":"https:\/\/api.w.org\/{rel}","templated":true}]}}