{"id":5716,"date":"2023-03-26T17:03:26","date_gmt":"2023-03-26T15:03:26","guid":{"rendered":"https:\/\/imuset.de\/?page_id=5716"},"modified":"2023-03-31T00:31:08","modified_gmt":"2023-03-30T22:31:08","slug":"kukirol-prowiko","status":"publish","type":"page","link":"https:\/\/imuset.de\/en\/ausstellung\/ausstellung-industriekultur\/kukirol-prowiko\/","title":{"rendered":"Kukirol &#038; Prowiko"},"content":{"rendered":"\t\t<div data-elementor-type=\"wp-page\" data-elementor-id=\"5716\" class=\"elementor elementor-5716\">\n\t\t\t\t\t\t<section class=\"elementor-section elementor-top-section elementor-element elementor-element-1c0b721 elementor-section-boxed elementor-section-height-default elementor-section-height-default sc_fly_static\" data-id=\"1c0b721\" data-element_type=\"section\" data-e-type=\"section\">\n\t\t\t\t\t\t<div class=\"elementor-container elementor-column-gap-extended\">\n\t\t\t\t\t<div class=\"elementor-column elementor-col-50 elementor-top-column elementor-element elementor-element-9b40239 sc_content_align_inherit sc_layouts_column_icons_position_left sc_fly_static\" data-id=\"9b40239\" data-element_type=\"column\" data-e-type=\"column\">\n\t\t\t<div class=\"elementor-widget-wrap elementor-element-populated\">\n\t\t\t\t\t\t<div class=\"elementor-element elementor-element-2b97872 sc_fly_static elementor-widget elementor-widget-image\" data-id=\"2b97872\" data-element_type=\"widget\" data-e-type=\"widget\" data-widget_type=\"image.default\">\n\t\t\t\t<div class=\"elementor-widget-container\">\n\t\t\t\t\t\t\t\t\t\t\t\t\t\t\t<img fetchpriority=\"high\" decoding=\"async\" width=\"1024\" height=\"598\" src=\"https:\/\/imuset.de\/wp-content\/uploads\/2023\/03\/Kukirol-1-1024x598.jpg\" class=\"attachment-large size-large wp-image-5720\" alt=\"\" srcset=\"https:\/\/imuset.de\/wp-content\/uploads\/2023\/03\/Kukirol-1-1024x598.jpg 1024w, https:\/\/imuset.de\/wp-content\/uploads\/2023\/03\/Kukirol-1-300x175.jpg 300w, https:\/\/imuset.de\/wp-content\/uploads\/2023\/03\/Kukirol-1-768x449.jpg 768w, https:\/\/imuset.de\/wp-content\/uploads\/2023\/03\/Kukirol-1-1536x898.jpg 1536w, https:\/\/imuset.de\/wp-content\/uploads\/2023\/03\/Kukirol-1-2048x1197.jpg 2048w, https:\/\/imuset.de\/wp-content\/uploads\/2023\/03\/Kukirol-1-370x216.jpg 370w, https:\/\/imuset.de\/wp-content\/uploads\/2023\/03\/Kukirol-1-760x444.jpg 760w\" sizes=\"(max-width: 1024px) 100vw, 1024px\" \/>\t\t\t\t\t\t\t\t\t\t\t\t\t\t\t<\/div>\n\t\t\t\t<\/div>\n\t\t\t\t\t<\/div>\n\t\t<\/div>\n\t\t\t\t<div class=\"elementor-column elementor-col-50 elementor-top-column elementor-element elementor-element-1aa838c sc_content_align_inherit sc_layouts_column_icons_position_left sc_fly_static\" data-id=\"1aa838c\" data-element_type=\"column\" data-e-type=\"column\">\n\t\t\t<div class=\"elementor-widget-wrap elementor-element-populated\">\n\t\t\t\t\t\t<div class=\"elementor-element elementor-element-2dd8c12 sc_fly_static elementor-widget elementor-widget-text-editor\" data-id=\"2dd8c12\" data-element_type=\"widget\" data-e-type=\"widget\" data-widget_type=\"text-editor.default\">\n\t\t\t\t<div class=\"elementor-widget-container\">\n\t\t\t\t\t\t\t\t\t<p>Kurt Krips, der Sohn eines Barbiers, erlernte den Beruf eines Drogisten und gr\u00fcndete 1922 in Gro\u00df-Salze die Kukirol-Fabrik, die damalig gr\u00f6\u00dfte Fu\u00dfpflege-Spezialartikel-Fabrik der Welt. Durch die Anwendung neuartiger plakativer Werbemethoden machte er seine Produkte popul\u00e4r bis ins Ausland, und das Thema Fu\u00df- und K\u00f6rperpflege wurde \u201esalonf\u00e4hig\u201c.<\/p><p><strong>Er erfand das bekannte Kukident, und mit ihm die Comic-Figur Dr. Unblutig.<\/strong><\/p>\t\t\t\t\t\t\t\t<\/div>\n\t\t\t\t<\/div>\n\t\t\t\t\t<\/div>\n\t\t<\/div>\n\t\t\t\t\t<\/div>\n\t\t<\/section>\n\t\t\t\t<section class=\"elementor-section elementor-top-section elementor-element elementor-element-db3ad33 elementor-section-boxed elementor-section-height-default elementor-section-height-default sc_fly_static\" data-id=\"db3ad33\" data-element_type=\"section\" data-e-type=\"section\">\n\t\t\t\t\t\t<div class=\"elementor-container elementor-column-gap-extended\">\n\t\t\t\t\t<div class=\"elementor-column elementor-col-50 elementor-top-column elementor-element elementor-element-cbac223 sc_content_align_inherit sc_layouts_column_icons_position_left sc_fly_static\" data-id=\"cbac223\" data-element_type=\"column\" data-e-type=\"column\">\n\t\t\t<div class=\"elementor-widget-wrap elementor-element-populated\">\n\t\t\t\t\t\t<div class=\"elementor-element elementor-element-a0e70ac sc_fly_static elementor-widget elementor-widget-text-editor\" data-id=\"a0e70ac\" data-element_type=\"widget\" data-e-type=\"widget\" data-widget_type=\"text-editor.default\">\n\t\t\t\t<div class=\"elementor-widget-container\">\n\t\t\t\t\t\t\t\t\t<p>Der <strong>V<\/strong>olks<strong>E<\/strong>igene<strong>B<\/strong>etrieb <strong>PROWIKO<\/strong> \u00a0(<strong>PRO<\/strong>duktion von\u00a0<strong>Wi<\/strong>rkstoff &#8211; <strong>KO<\/strong>nzentraten) war ein hochmoderner Betrieb der Agrochemie der DDR.<\/p><p>In den 1980er Jahren warb der Betrieb mit Enzymen f\u00fcr den technologischen Fortschritt. Denn mit Enzymen lie\u00df sich der G\u00e4rungsprozess in der Bierproduktion signifikant beschleunigen, und das war in Hinblick auf den Bedarf an Bier und die Qualit\u00e4tsanforderungen dringend geboten.<\/p><p>Zu den Produkten des <strong>VEB<\/strong> <strong>PROWIKO<\/strong> geh\u00f6rten zudem Kohlens\u00e4ure, Ethanol sowie Back- und Futterhefe.<\/p>\t\t\t\t\t\t\t\t<\/div>\n\t\t\t\t<\/div>\n\t\t\t\t\t<\/div>\n\t\t<\/div>\n\t\t\t\t<div class=\"elementor-column elementor-col-50 elementor-top-column elementor-element elementor-element-5401739 sc_content_align_inherit sc_layouts_column_icons_position_left sc_fly_static\" data-id=\"5401739\" data-element_type=\"column\" data-e-type=\"column\">\n\t\t\t<div class=\"elementor-widget-wrap elementor-element-populated\">\n\t\t\t\t\t\t<div class=\"elementor-element elementor-element-c7d4b56 sc_fly_static elementor-widget elementor-widget-image\" data-id=\"c7d4b56\" data-element_type=\"widget\" data-e-type=\"widget\" data-widget_type=\"image.default\">\n\t\t\t\t<div class=\"elementor-widget-container\">\n\t\t\t\t\t\t\t\t\t\t\t\t<figure class=\"wp-caption\">\n\t\t\t\t\t\t\t\t\t\t<img decoding=\"async\" width=\"1024\" height=\"695\" src=\"https:\/\/imuset.de\/wp-content\/uploads\/2023\/03\/PROWIKO-1024x695.jpg\" class=\"attachment-large size-large wp-image-5731\" alt=\"\" srcset=\"https:\/\/imuset.de\/wp-content\/uploads\/2023\/03\/PROWIKO-1024x695.jpg 1024w, https:\/\/imuset.de\/wp-content\/uploads\/2023\/03\/PROWIKO-300x204.jpg 300w, https:\/\/imuset.de\/wp-content\/uploads\/2023\/03\/PROWIKO-768x522.jpg 768w, https:\/\/imuset.de\/wp-content\/uploads\/2023\/03\/PROWIKO-1536x1043.jpg 1536w, https:\/\/imuset.de\/wp-content\/uploads\/2023\/03\/PROWIKO-2048x1391.jpg 2048w, https:\/\/imuset.de\/wp-content\/uploads\/2023\/03\/PROWIKO-370x251.jpg 370w, https:\/\/imuset.de\/wp-content\/uploads\/2023\/03\/PROWIKO-760x516.jpg 760w\" sizes=\"(max-width: 1024px) 100vw, 1024px\" \/>\t\t\t\t\t\t\t\t\t\t\t<figcaption class=\"widget-image-caption wp-caption-text\">PROWIKO Geb\u00e4ude                                      \/ Quelle: Creative Commons<\/figcaption>\n\t\t\t\t\t\t\t\t\t\t<\/figure>\n\t\t\t\t\t\t\t\t\t<\/div>\n\t\t\t\t<\/div>\n\t\t\t\t\t<\/div>\n\t\t<\/div>\n\t\t\t\t\t<\/div>\n\t\t<\/section>\n\t\t\t\t<section class=\"elementor-section elementor-top-section elementor-element elementor-element-d85b529 elementor-section-boxed elementor-section-height-default elementor-section-height-default sc_fly_static\" data-id=\"d85b529\" data-element_type=\"section\" data-e-type=\"section\">\n\t\t\t\t\t\t<div class=\"elementor-container elementor-column-gap-extended\">\n\t\t\t\t\t<div class=\"elementor-column elementor-col-50 elementor-top-column elementor-element elementor-element-6b96e5f sc_content_align_inherit sc_layouts_column_icons_position_left sc_fly_static\" data-id=\"6b96e5f\" data-element_type=\"column\" data-e-type=\"column\">\n\t\t\t<div class=\"elementor-widget-wrap elementor-element-populated\">\n\t\t\t\t\t\t<div class=\"elementor-element elementor-element-1a1fc18 sc_fly_static elementor-widget elementor-widget-text-editor\" data-id=\"1a1fc18\" data-element_type=\"widget\" data-e-type=\"widget\" data-widget_type=\"text-editor.default\">\n\t\t\t\t<div class=\"elementor-widget-container\">\n\t\t\t\t\t\t\t\t\t<p><strong>TIPP<\/strong><\/p><p><strong>Lauschen Sie dem Kukirol-Lied in der Ausstellung und singen Sie <br \/>einfach mit!<\/strong><\/p>\t\t\t\t\t\t\t\t<\/div>\n\t\t\t\t<\/div>\n\t\t\t\t\t<\/div>\n\t\t<\/div>\n\t\t\t\t<div class=\"elementor-column elementor-col-50 elementor-top-column elementor-element elementor-element-ec0c904 sc_content_align_inherit sc_layouts_column_icons_position_left sc_fly_static\" data-id=\"ec0c904\" data-element_type=\"column\" data-e-type=\"column\">\n\t\t\t<div class=\"elementor-widget-wrap\">\n\t\t\t\t\t\t\t<\/div>\n\t\t<\/div>\n\t\t\t\t\t<\/div>\n\t\t<\/section>\n\t\t\t\t<\/div>\n\t\t","protected":false},"excerpt":{"rendered":"<p>Kurt Krips, der Sohn eines Barbiers, erlernte den Beruf eines Drogisten und gr\u00fcndete 1922 in Gro\u00df-Salze die Kukirol-Fabrik, die damalig gr\u00f6\u00dfte Fu\u00dfpflege-Spezialartikel-Fabrik der Welt. Durch die Anwendung neuartiger plakativer Werbemethoden&hellip;<\/p>\n","protected":false},"author":3,"featured_media":5717,"parent":2345,"menu_order":0,"comment_status":"closed","ping_status":"closed","template":"","meta":{"_acf_changed":false,"_price":"","_stock":"","_tribe_ticket_header":"","_tribe_default_ticket_provider":"","_tribe_ticket_capacity":"0","_ticket_start_date":"","_ticket_end_date":"","_tribe_ticket_show_description":"","_tribe_ticket_show_not_going":false,"_tribe_ticket_use_global_stock":"","_tribe_ticket_global_stock_level":"","_global_stock_mode":"","_global_stock_cap":"","_tribe_rsvp_for_event":"","_tribe_ticket_going_count":"","_tribe_ticket_not_going_count":"","_tribe_tickets_list":"[]","_tribe_ticket_has_attendee_info_fields":false,"footnotes":""},"class_list":["post-5716","page","type-page","status-publish","has-post-thumbnail","hentry"],"acf":[],"_links":{"self":[{"href":"https:\/\/imuset.de\/en\/wp-json\/wp\/v2\/pages\/5716","targetHints":{"allow":["GET"]}}],"collection":[{"href":"https:\/\/imuset.de\/en\/wp-json\/wp\/v2\/pages"}],"about":[{"href":"https:\/\/imuset.de\/en\/wp-json\/wp\/v2\/types\/page"}],"author":[{"embeddable":true,"href":"https:\/\/imuset.de\/en\/wp-json\/wp\/v2\/users\/3"}],"replies":[{"embeddable":true,"href":"https:\/\/imuset.de\/en\/wp-json\/wp\/v2\/comments?post=5716"}],"version-history":[{"count":19,"href":"https:\/\/imuset.de\/en\/wp-json\/wp\/v2\/pages\/5716\/revisions"}],"predecessor-version":[{"id":5846,"href":"https:\/\/imuset.de\/en\/wp-json\/wp\/v2\/pages\/5716\/revisions\/5846"}],"up":[{"embeddable":true,"href":"https:\/\/imuset.de\/en\/wp-json\/wp\/v2\/pages\/2345"}],"wp:featuredmedia":[{"embeddable":true,"href":"https:\/\/imuset.de\/en\/wp-json\/wp\/v2\/media\/5717"}],"wp:attachment":[{"href":"https:\/\/imuset.de\/en\/wp-json\/wp\/v2\/media?parent=5716"}],"curies":[{"name":"wp","href":"https:\/\/api.w.org\/{rel}","templated":true}]}}